{"id":4899,"date":"2025-09-15T22:12:11","date_gmt":"2025-09-15T21:12:11","guid":{"rendered":"https:\/\/sertec.pt\/produto\/clevy-keyboard-2-usb\/"},"modified":"2025-09-15T22:12:11","modified_gmt":"2025-09-15T21:12:11","slug":"clevy-keyboard-2-usb","status":"publish","type":"product","link":"https:\/\/sertec.pt\/es\/produto\/clevy-keyboard-2-usb\/","title":{"rendered":"Clevy Keyboard 2 \u2013 USB"},"content":{"rendered":"<p>Codificaci\u00f3n inteligente por colores<\/p>\n<p>La codificaci\u00f3n inteligente por colores destaca varias \u00e1reas funcionales, lo que hace que el teclado sea intuitivo y m\u00e1s f\u00e1cil de manejar<\/p>\n<p>\u00abKey Repeat\u00bb (Repetici\u00f3n de teclas)<\/p>\n<p>El interruptor \u00abKey Repeat\u00bb, situado en la parte posterior del teclado, permite activar o desactivar la repetici\u00f3n de caracteres al mantener pulsada una tecla. Esta soluci\u00f3n de hardware anula cualquier excepci\u00f3n de software en su dispositivo, lo que la hace ideal para personas que necesitan orientaci\u00f3n con sus habilidades motoras.<\/p>\n<p>Resistente a los l\u00edquidos<\/p>\n<p>Dise\u00f1ado para desviar los l\u00edquidos derramados lejos de los componentes internos, protegiendo as\u00ed los componentes electr\u00f3nicos y prolongando la vida \u00fatil del teclado.<\/p>\n","protected":false},"excerpt":{"rendered":"<p>El Clevy Keyboard es un teclado mec\u00e1nico resistente dise\u00f1ado para ni\u00f1os y personas con discapacidad motora. Facilita el aprendizaje de la mecanograf\u00eda, la lectura y el uso de ordenadores, al tiempo que promueve la accesibilidad digital de las personas con discapacidad. Esta versi\u00f3n est\u00e1 disponible en espa\u00f1ol con etiquetas en portugu\u00e9s y se conecta mediante un cable USB-A.<\/p>\n","protected":false},"featured_media":3505,"comment_status":"closed","ping_status":"closed","template":"","meta":{"_seopress_robots_primary_cat":"none","_seopress_titles_title":"%%post_title%%","_seopress_titles_desc":"Teclado especial de colores con teclas grandes y de colores. Disposici\u00f3n espa\u00f1ola. Puerto USB.","_seopress_robots_index":"","site-sidebar-layout":"default","site-content-layout":"","ast-site-content-layout":"default","site-content-style":"default","site-sidebar-style":"default","ast-global-header-display":"","ast-banner-title-visibility":"","ast-main-header-display":"","ast-hfb-above-header-display":"","ast-hfb-below-header-display":"","ast-hfb-mobile-header-display":"","site-post-title":"","ast-breadcrumbs-content":"","ast-featured-img":"","footer-sml-layout":"","ast-disable-related-posts":"","theme-transparent-header-meta":"default","adv-header-id-meta":"","stick-header-meta":"default","header-above-stick-meta":"","header-main-stick-meta":"","header-below-stick-meta":"","astra-migrate-meta-layouts":"default","ast-page-background-enabled":"default","ast-page-background-meta":{"desktop":{"background-color":"var(--ast-global-color-4)","background-image":"","background-repeat":"repeat","background-position":"center center","background-size":"auto","background-attachment":"scroll","background-type":"","background-media":"","overlay-type":"","overlay-color":"","overlay-opacity":"","overlay-gradient":""},"tablet":{"background-color":"","background-image":"","background-repeat":"repeat","background-position":"center center","background-size":"auto","background-attachment":"scroll","background-type":"","background-media":"","overlay-type":"","overlay-color":"","overlay-opacity":"","overlay-gradient":""},"mobile":{"background-color":"","background-image":"","background-repeat":"repeat","background-position":"center center","background-size":"auto","background-attachment":"scroll","background-type":"","background-media":"","overlay-type":"","overlay-color":"","overlay-opacity":"","overlay-gradient":""}},"ast-content-background-meta":{"desktop":{"background-color":"var(--ast-global-color-5)","background-image":"","background-repeat":"repeat","background-position":"center center","background-size":"auto","background-attachment":"scroll","background-type":"","background-media":"","overlay-type":"","overlay-color":"","overlay-opacity":"","overlay-gradient":""},"tablet":{"background-color":"var(--ast-global-color-5)","background-image":"","background-repeat":"repeat","background-position":"center center","background-size":"auto","background-attachment":"scroll","background-type":"","background-media":"","overlay-type":"","overlay-color":"","overlay-opacity":"","overlay-gradient":""},"mobile":{"background-color":"var(--ast-global-color-5)","background-image":"","background-repeat":"repeat","background-position":"center center","background-size":"auto","background-attachment":"scroll","background-type":"","background-media":"","overlay-type":"","overlay-color":"","overlay-opacity":"","overlay-gradient":""}}},"product_brand":[],"product_cat":[452,453],"product_tag":[],"class_list":{"0":"post-4899","1":"product","2":"type-product","3":"status-publish","4":"has-post-thumbnail","6":"product_cat-comodidad-y-ergonomia","7":"product_cat-teclados","8":"desktop-align-left","9":"tablet-align-left","10":"mobile-align-left","11":"ast-product-gallery-layout-horizontal-slider","12":"ast-product-tabs-layout-horizontal","14":"first","15":"instock","16":"taxable","17":"shipping-taxable","18":"purchasable","19":"product-type-simple"},"_links":{"self":[{"href":"https:\/\/sertec.pt\/es\/wp-json\/wp\/v2\/product\/4899","targetHints":{"allow":["GET"]}}],"collection":[{"href":"https:\/\/sertec.pt\/es\/wp-json\/wp\/v2\/product"}],"about":[{"href":"https:\/\/sertec.pt\/es\/wp-json\/wp\/v2\/types\/product"}],"replies":[{"embeddable":true,"href":"https:\/\/sertec.pt\/es\/wp-json\/wp\/v2\/comments?post=4899"}],"wp:featuredmedia":[{"embeddable":true,"href":"https:\/\/sertec.pt\/es\/wp-json\/wp\/v2\/media\/3505"}],"wp:attachment":[{"href":"https:\/\/sertec.pt\/es\/wp-json\/wp\/v2\/media?parent=4899"}],"wp:term":[{"taxonomy":"product_brand","embeddable":true,"href":"https:\/\/sertec.pt\/es\/wp-json\/wp\/v2\/product_brand?post=4899"},{"taxonomy":"product_cat","embeddable":true,"href":"https:\/\/sertec.pt\/es\/wp-json\/wp\/v2\/product_cat?post=4899"},{"taxonomy":"product_tag","embeddable":true,"href":"https:\/\/sertec.pt\/es\/wp-json\/wp\/v2\/product_tag?post=4899"}],"curies":[{"name":"wp","href":"https:\/\/api.w.org\/{rel}","templated":true}]}}