{"id":4894,"date":"2025-10-27T16:16:27","date_gmt":"2025-10-27T16:16:27","guid":{"rendered":"https:\/\/sertec.pt\/produto\/b-note-linea-braille-de-20-40-celdas\/"},"modified":"2025-10-27T16:16:27","modified_gmt":"2025-10-27T16:16:27","slug":"b-note-linea-braille-de-20-40-celdas","status":"publish","type":"product","link":"https:\/\/sertec.pt\/es\/produto\/b-note-linea-braille-de-20-40-celdas\/","title":{"rendered":"b.note &#8211; l\u00ednea braille de 20\/40 celdas"},"content":{"rendered":"<p>Introducci\u00f3n<br \/>\nParte superior:<br \/>\n&#8211; L\u00ednea de celdas Braille disponible en 20 o 40 celdas (8 puntos en cada celda),<br \/>\n&#8211; Cursores de navegaci\u00f3n con funci\u00f3n de doble toque, situados encima de cada celda Braille,<br \/>\n&#8211; Un teclado con 10 teclas: 8 teclas encima de la l\u00ednea de los cursores de navegaci\u00f3n y 2 teclas para el pulgar, debajo de la l\u00ednea de celdas Braille.<br \/>\n&#8211; 2 conjuntos de teclas con 4 botones, situados a ambos lados de la l\u00ednea de celdas Braille.<br \/>\nParte inferior:<br \/>\n&#8211; Una tapa atornillada al dispositivo permite acceder a la tarjeta SD. Solo para asistencia t\u00e9cnica.<br \/>\nLado izquierdo:<br \/>\n&#8211; Un peque\u00f1o orificio permite insertar un clip, en caso de que sea necesario reiniciar el sistema debido a un fallo,<br \/>\n&#8211; Un puerto USB tipo \u00abC\u00bb necesario para cargar el dispositivo o para conectarlo a otro sistema,<br \/>\n&#8211; Una salida tipo jack de 3,5 mm para conectar auriculares,<br \/>\n&#8211; Interruptor de encendido\/apagado<\/p>\n<p>Caracter\u00edsticas<br \/>\n&#8211; 20 o 40 celdas Braille<br \/>\n&#8211; 20 o 40 cursores de navegaci\u00f3n<br \/>\n&#8211; Teclado Braille con 10 teclas<br \/>\n&#8211; 2 conjuntos de teclas con 4 botones<br \/>\n&#8211; Procesadores: STM32L1 \/ ARM Cortex-A53, cuatro n\u00facleos, 1,4 GHz,<br \/>\n&#8211; RAM: 512 MB LPDDR2 (900 MHz),<br \/>\n&#8211; Tarjeta SD de 64 GB,<br \/>\n&#8211; Wi-Fi: 2,4 GHz 802.11ac de doble banda,<br \/>\n&#8211; Bluetooth: 4.2 LS BLE,<br \/>\n&#8211; Salida de audio: conector de 3,5 mm,<br \/>\n&#8211; Bater\u00eda: 3,7 V, 6000 mAh (22,2 W),<br \/>\n&#8211; Carga r\u00e1pida con fuente de alimentaci\u00f3n externa mediante adaptador USB-C (protocolo PD Universal 2.0),<br \/>\n&#8211; Carga al 30 % en 25 min, al 80 % en 1 h 30 min.<br \/>\n&#8211; Duraci\u00f3n de la bater\u00eda: unas 14 horas<br \/>\n&#8211; Dimensiones: 235 (20 celdas) \/ 365 (40 celdas) x 105 x 27 mm,<\/p>\n","protected":false},"excerpt":{"rendered":"<p>El b.note es una l\u00ednea Braille que se puede conectar a m\u00faltiples dispositivos a trav\u00e9s de USB y Bluetooth, como ordenadores, tabletas y tel\u00e9fonos inteligentes.<br \/>\nEl b.note es tambi\u00e9n un bloc de notas Braille independiente que incluye un explorador de archivos y un editor para que puedas organizar, leer y modificar tus documentos.<\/p>\n","protected":false},"featured_media":3598,"comment_status":"closed","ping_status":"closed","template":"","meta":{"_seopress_robots_primary_cat":"none","_seopress_titles_title":"","_seopress_titles_desc":"","_seopress_robots_index":"","site-sidebar-layout":"default","site-content-layout":"","ast-site-content-layout":"default","site-content-style":"default","site-sidebar-style":"default","ast-global-header-display":"","ast-banner-title-visibility":"","ast-main-header-display":"","ast-hfb-above-header-display":"","ast-hfb-below-header-display":"","ast-hfb-mobile-header-display":"","site-post-title":"","ast-breadcrumbs-content":"","ast-featured-img":"","footer-sml-layout":"","ast-disable-related-posts":"","theme-transparent-header-meta":"default","adv-header-id-meta":"","stick-header-meta":"default","header-above-stick-meta":"","header-main-stick-meta":"","header-below-stick-meta":"","astra-migrate-meta-layouts":"default","ast-page-background-enabled":"default","ast-page-background-meta":{"desktop":{"background-color":"var(--ast-global-color-4)","background-image":"","background-repeat":"repeat","background-position":"center center","background-size":"auto","background-attachment":"scroll","background-type":"","background-media":"","overlay-type":"","overlay-color":"","overlay-opacity":"","overlay-gradient":""},"tablet":{"background-color":"","background-image":"","background-repeat":"repeat","background-position":"center center","background-size":"auto","background-attachment":"scroll","background-type":"","background-media":"","overlay-type":"","overlay-color":"","overlay-opacity":"","overlay-gradient":""},"mobile":{"background-color":"","background-image":"","background-repeat":"repeat","background-position":"center center","background-size":"auto","background-attachment":"scroll","background-type":"","background-media":"","overlay-type":"","overlay-color":"","overlay-opacity":"","overlay-gradient":""}},"ast-content-background-meta":{"desktop":{"background-color":"var(--ast-global-color-5)","background-image":"","background-repeat":"repeat","background-position":"center center","background-size":"auto","background-attachment":"scroll","background-type":"","background-media":"","overlay-type":"","overlay-color":"","overlay-opacity":"","overlay-gradient":""},"tablet":{"background-color":"var(--ast-global-color-5)","background-image":"","background-repeat":"repeat","background-position":"center center","background-size":"auto","background-attachment":"scroll","background-type":"","background-media":"","overlay-type":"","overlay-color":"","overlay-opacity":"","overlay-gradient":""},"mobile":{"background-color":"var(--ast-global-color-5)","background-image":"","background-repeat":"repeat","background-position":"center center","background-size":"auto","background-attachment":"scroll","background-type":"","background-media":"","overlay-type":"","overlay-color":"","overlay-opacity":"","overlay-gradient":""}}},"product_brand":[],"product_cat":[450,451],"product_tag":[],"class_list":{"0":"post-4894","1":"product","2":"type-product","3":"status-publish","4":"has-post-thumbnail","6":"product_cat-dispositivos-braille","7":"product_cat-lineas-braille","8":"pa_vermelho-negro-verde","9":"desktop-align-left","10":"tablet-align-left","11":"mobile-align-left","12":"ast-product-gallery-layout-horizontal-slider","13":"ast-product-gallery-with-no-image","14":"ast-product-single-variable","15":"ast-product-tabs-layout-horizontal","17":"first","18":"instock","19":"taxable","20":"shipping-taxable","21":"purchasable","22":"product-type-variable"},"_links":{"self":[{"href":"https:\/\/sertec.pt\/es\/wp-json\/wp\/v2\/product\/4894","targetHints":{"allow":["GET"]}}],"collection":[{"href":"https:\/\/sertec.pt\/es\/wp-json\/wp\/v2\/product"}],"about":[{"href":"https:\/\/sertec.pt\/es\/wp-json\/wp\/v2\/types\/product"}],"replies":[{"embeddable":true,"href":"https:\/\/sertec.pt\/es\/wp-json\/wp\/v2\/comments?post=4894"}],"wp:featuredmedia":[{"embeddable":true,"href":"https:\/\/sertec.pt\/es\/wp-json\/wp\/v2\/media\/3598"}],"wp:attachment":[{"href":"https:\/\/sertec.pt\/es\/wp-json\/wp\/v2\/media?parent=4894"}],"wp:term":[{"taxonomy":"product_brand","embeddable":true,"href":"https:\/\/sertec.pt\/es\/wp-json\/wp\/v2\/product_brand?post=4894"},{"taxonomy":"product_cat","embeddable":true,"href":"https:\/\/sertec.pt\/es\/wp-json\/wp\/v2\/product_cat?post=4894"},{"taxonomy":"product_tag","embeddable":true,"href":"https:\/\/sertec.pt\/es\/wp-json\/wp\/v2\/product_tag?post=4894"}],"curies":[{"name":"wp","href":"https:\/\/api.w.org\/{rel}","templated":true}]}}