{"id":4893,"date":"2025-11-18T16:12:10","date_gmt":"2025-11-18T16:12:10","guid":{"rendered":"https:\/\/sertec.pt\/produto\/lego-speed-champions-toyota-gr-supra\/"},"modified":"2025-11-18T16:12:10","modified_gmt":"2025-11-18T16:12:10","slug":"lego-speed-champions-toyota-gr-supra","status":"publish","type":"product","link":"https:\/\/sertec.pt\/es\/produto\/lego-speed-champions-toyota-gr-supra\/","title":{"rendered":"LEGO Speed Champions Toyota GR Supra"},"content":{"rendered":"<p>Los ni\u00f1os y los aficionados a los coches pueden explorar el dise\u00f1o del Toyota GR Supra real mientras lo construyen, antes de exhibir su creaci\u00f3n o reunirse con sus amigos para una emocionante carrera de Speed Champions.<br \/>\nEste set de construcci\u00f3n LEGO\u00ae Speed Champions Toyota GR Supra (76901) de 299 piezas ofrece una emocionante experiencia de construcci\u00f3n y es un regalo excelente para los apasionados de los coches de alto rendimiento.<br \/>\nEsta r\u00e9plica del Toyota GR Supra mide m\u00e1s de 4 cm de altura, 16 cm de longitud y 7 cm de anchura. Y con su chasis m\u00e1s ancho de 8 pines, tiene espacio para 2 minifiguras y muchos detalles aut\u00e9nticos.<br \/>\nIncluye instrucciones de construcci\u00f3n paso a paso f\u00e1ciles de seguir.<\/p>\n","protected":false},"excerpt":{"rendered":"<p>El LEGO\u00ae Speed Champions Toyota GR Supra (76901) ofrece a los ni\u00f1os y a los aficionados al motor de todas las edades la oportunidad de coleccionar, construir y explorar uno de los deportivos de alto rendimiento m\u00e1s emblem\u00e1ticos del mundo. Repleta de detalles realistas, esta r\u00e9plica aut\u00e9ntica proporciona una experiencia de construcci\u00f3n envolvente, es perfecta para exhibirla y \u00a1incre\u00edble para carreras llenas de energ\u00eda!<\/p>\n<p>Detalles inspiradores:<br \/>\nEste coche coleccionable cuenta con un chasis ancho, que deja espacio para una cabina de dos plazas y detalles a\u00fan m\u00e1s aut\u00e9nticos. Y con una minifigura del piloto de Toyota, equipada con mono de carreras, casco de seguridad y llave inglesa, hay mucha inspiraci\u00f3n para juegos imaginativos y a toda velocidad.<\/p>\n","protected":false},"featured_media":4364,"comment_status":"closed","ping_status":"closed","template":"","meta":{"_seopress_robots_primary_cat":"none","_seopress_titles_title":"","_seopress_titles_desc":"","_seopress_robots_index":"","site-sidebar-layout":"default","site-content-layout":"","ast-site-content-layout":"default","site-content-style":"default","site-sidebar-style":"default","ast-global-header-display":"","ast-banner-title-visibility":"","ast-main-header-display":"","ast-hfb-above-header-display":"","ast-hfb-below-header-display":"","ast-hfb-mobile-header-display":"","site-post-title":"","ast-breadcrumbs-content":"","ast-featured-img":"","footer-sml-layout":"","ast-disable-related-posts":"","theme-transparent-header-meta":"default","adv-header-id-meta":"","stick-header-meta":"default","header-above-stick-meta":"","header-main-stick-meta":"","header-below-stick-meta":"","astra-migrate-meta-layouts":"default","ast-page-background-enabled":"default","ast-page-background-meta":{"desktop":{"background-color":"var(--ast-global-color-4)","background-image":"","background-repeat":"repeat","background-position":"center center","background-size":"auto","background-attachment":"scroll","background-type":"","background-media":"","overlay-type":"","overlay-color":"","overlay-opacity":"","overlay-gradient":""},"tablet":{"background-color":"","background-image":"","background-repeat":"repeat","background-position":"center center","background-size":"auto","background-attachment":"scroll","background-type":"","background-media":"","overlay-type":"","overlay-color":"","overlay-opacity":"","overlay-gradient":""},"mobile":{"background-color":"","background-image":"","background-repeat":"repeat","background-position":"center center","background-size":"auto","background-attachment":"scroll","background-type":"","background-media":"","overlay-type":"","overlay-color":"","overlay-opacity":"","overlay-gradient":""}},"ast-content-background-meta":{"desktop":{"background-color":"var(--ast-global-color-5)","background-image":"","background-repeat":"repeat","background-position":"center center","background-size":"auto","background-attachment":"scroll","background-type":"","background-media":"","overlay-type":"","overlay-color":"","overlay-opacity":"","overlay-gradient":""},"tablet":{"background-color":"var(--ast-global-color-5)","background-image":"","background-repeat":"repeat","background-position":"center center","background-size":"auto","background-attachment":"scroll","background-type":"","background-media":"","overlay-type":"","overlay-color":"","overlay-opacity":"","overlay-gradient":""},"mobile":{"background-color":"var(--ast-global-color-5)","background-image":"","background-repeat":"repeat","background-position":"center center","background-size":"auto","background-attachment":"scroll","background-type":"","background-media":"","overlay-type":"","overlay-color":"","overlay-opacity":"","overlay-gradient":""}}},"product_brand":[],"product_cat":[441,444,445],"product_tag":[],"class_list":{"0":"post-4893","1":"product","2":"type-product","3":"status-publish","4":"has-post-thumbnail","6":"product_cat-jogos-e-brinquedos","7":"product_cat-lego","8":"product_cat-sin-categoria","9":"desktop-align-left","10":"tablet-align-left","11":"mobile-align-left","12":"ast-product-gallery-layout-horizontal-slider","13":"ast-product-tabs-layout-horizontal","15":"first","16":"instock","17":"taxable","18":"shipping-taxable","19":"purchasable","20":"product-type-simple"},"_links":{"self":[{"href":"https:\/\/sertec.pt\/es\/wp-json\/wp\/v2\/product\/4893","targetHints":{"allow":["GET"]}}],"collection":[{"href":"https:\/\/sertec.pt\/es\/wp-json\/wp\/v2\/product"}],"about":[{"href":"https:\/\/sertec.pt\/es\/wp-json\/wp\/v2\/types\/product"}],"replies":[{"embeddable":true,"href":"https:\/\/sertec.pt\/es\/wp-json\/wp\/v2\/comments?post=4893"}],"wp:featuredmedia":[{"embeddable":true,"href":"https:\/\/sertec.pt\/es\/wp-json\/wp\/v2\/media\/4364"}],"wp:attachment":[{"href":"https:\/\/sertec.pt\/es\/wp-json\/wp\/v2\/media?parent=4893"}],"wp:term":[{"taxonomy":"product_brand","embeddable":true,"href":"https:\/\/sertec.pt\/es\/wp-json\/wp\/v2\/product_brand?post=4893"},{"taxonomy":"product_cat","embeddable":true,"href":"https:\/\/sertec.pt\/es\/wp-json\/wp\/v2\/product_cat?post=4893"},{"taxonomy":"product_tag","embeddable":true,"href":"https:\/\/sertec.pt\/es\/wp-json\/wp\/v2\/product_tag?post=4893"}],"curies":[{"name":"wp","href":"https:\/\/api.w.org\/{rel}","templated":true}]}}