{"id":4889,"date":"2025-11-18T17:31:11","date_gmt":"2025-11-18T17:31:11","guid":{"rendered":"https:\/\/sertec.pt\/produto\/lego-marvel-la-capitana-carter-y-el-hydra-stomper\/"},"modified":"2025-11-18T17:31:11","modified_gmt":"2025-11-18T17:31:11","slug":"lego-marvel-la-capitana-carter-y-el-hydra-stomper","status":"publish","type":"product","link":"https:\/\/sertec.pt\/es\/produto\/lego-marvel-la-capitana-carter-y-el-hydra-stomper\/","title":{"rendered":"LEGO Marvel: La Capitana Carter y el Hydra Stomper"},"content":{"rendered":"<p>Incluye minifiguras de la Capitana Carter, Steve Rogers y Cr\u00e1neo Rojo, adem\u00e1s de un mecha para montar con cabina que se abre y 2 tiradores.<br \/>\nLos ni\u00f1os colocan la minifigura de Steve Rogers en el robot Hydra Stomper, altamente articulado y listo para la batalla contra el villano de Marvel, Cr\u00e1neo Rojo, que ha robado el poderoso Tesseract a la Capitana Carter.<br \/>\nLEGO\u00ae Marvel Capitana Carter y el Hydra Stomper es un regalo excelente para los fans de la serie \u00ab\u00bfY si&#8230;?\u00bb de Marvel Studios y de las pel\u00edculas de acci\u00f3n de Marvel.<\/p>\n","protected":false},"excerpt":{"rendered":"<p>LEGO\u00ae Marvel Capitana Carter y el Hydra Stomper (76201) permite a los j\u00f3venes superh\u00e9roes mayores de 8 a\u00f1os recrear las aventuras de la serie original de Marvel Studios, \u00ab\u00bfY si&#8230;?\u00bb (\u00bfWhat If&#8230;?), llevando el juego imaginativo a una dimensi\u00f3n totalmente nueva.<\/p>\n<p>Nuevas historias con personajes superh\u00e9roes ic\u00f3nicos:<br \/>\nCuando el ic\u00f3nico villano de Marvel, Red Skull, roba el Tesseract, uno de los objetos m\u00e1s poderosos del universo, los ni\u00f1os colocan a Steve Rogers en el mecha Hydra Stomper para recuperarlo. El mecha m\u00f3vil es altamente articulado, lo que permite a los ni\u00f1os girar y voltear al gigante mec\u00e1nico mientras avanza hacia la batalla, disparando sus 2 lanzadores de studs contra Red Skull. Esta emocionante expansi\u00f3n del Universo Cinematogr\u00e1fico de Marvel ofrece a los ni\u00f1os infinitas e imaginativas posibilidades de juego con superh\u00e9roes.<\/p>\n","protected":false},"featured_media":4415,"comment_status":"closed","ping_status":"closed","template":"","meta":{"_seopress_robots_primary_cat":"none","_seopress_titles_title":"","_seopress_titles_desc":"","_seopress_robots_index":"","site-sidebar-layout":"default","site-content-layout":"","ast-site-content-layout":"default","site-content-style":"default","site-sidebar-style":"default","ast-global-header-display":"","ast-banner-title-visibility":"","ast-main-header-display":"","ast-hfb-above-header-display":"","ast-hfb-below-header-display":"","ast-hfb-mobile-header-display":"","site-post-title":"","ast-breadcrumbs-content":"","ast-featured-img":"","footer-sml-layout":"","ast-disable-related-posts":"","theme-transparent-header-meta":"default","adv-header-id-meta":"","stick-header-meta":"default","header-above-stick-meta":"","header-main-stick-meta":"","header-below-stick-meta":"","astra-migrate-meta-layouts":"default","ast-page-background-enabled":"default","ast-page-background-meta":{"desktop":{"background-color":"var(--ast-global-color-4)","background-image":"","background-repeat":"repeat","background-position":"center center","background-size":"auto","background-attachment":"scroll","background-type":"","background-media":"","overlay-type":"","overlay-color":"","overlay-opacity":"","overlay-gradient":""},"tablet":{"background-color":"","background-image":"","background-repeat":"repeat","background-position":"center center","background-size":"auto","background-attachment":"scroll","background-type":"","background-media":"","overlay-type":"","overlay-color":"","overlay-opacity":"","overlay-gradient":""},"mobile":{"background-color":"","background-image":"","background-repeat":"repeat","background-position":"center center","background-size":"auto","background-attachment":"scroll","background-type":"","background-media":"","overlay-type":"","overlay-color":"","overlay-opacity":"","overlay-gradient":""}},"ast-content-background-meta":{"desktop":{"background-color":"var(--ast-global-color-5)","background-image":"","background-repeat":"repeat","background-position":"center center","background-size":"auto","background-attachment":"scroll","background-type":"","background-media":"","overlay-type":"","overlay-color":"","overlay-opacity":"","overlay-gradient":""},"tablet":{"background-color":"var(--ast-global-color-5)","background-image":"","background-repeat":"repeat","background-position":"center center","background-size":"auto","background-attachment":"scroll","background-type":"","background-media":"","overlay-type":"","overlay-color":"","overlay-opacity":"","overlay-gradient":""},"mobile":{"background-color":"var(--ast-global-color-5)","background-image":"","background-repeat":"repeat","background-position":"center center","background-size":"auto","background-attachment":"scroll","background-type":"","background-media":"","overlay-type":"","overlay-color":"","overlay-opacity":"","overlay-gradient":""}}},"product_brand":[],"product_cat":[441,444,445],"product_tag":[],"class_list":{"0":"post-4889","1":"product","2":"type-product","3":"status-publish","4":"has-post-thumbnail","6":"product_cat-jogos-e-brinquedos","7":"product_cat-lego","8":"product_cat-sin-categoria","9":"desktop-align-left","10":"tablet-align-left","11":"mobile-align-left","12":"ast-product-gallery-layout-horizontal-slider","13":"ast-product-tabs-layout-horizontal","15":"first","16":"instock","17":"taxable","18":"shipping-taxable","19":"purchasable","20":"product-type-simple"},"_links":{"self":[{"href":"https:\/\/sertec.pt\/es\/wp-json\/wp\/v2\/product\/4889","targetHints":{"allow":["GET"]}}],"collection":[{"href":"https:\/\/sertec.pt\/es\/wp-json\/wp\/v2\/product"}],"about":[{"href":"https:\/\/sertec.pt\/es\/wp-json\/wp\/v2\/types\/product"}],"replies":[{"embeddable":true,"href":"https:\/\/sertec.pt\/es\/wp-json\/wp\/v2\/comments?post=4889"}],"wp:featuredmedia":[{"embeddable":true,"href":"https:\/\/sertec.pt\/es\/wp-json\/wp\/v2\/media\/4415"}],"wp:attachment":[{"href":"https:\/\/sertec.pt\/es\/wp-json\/wp\/v2\/media?parent=4889"}],"wp:term":[{"taxonomy":"product_brand","embeddable":true,"href":"https:\/\/sertec.pt\/es\/wp-json\/wp\/v2\/product_brand?post=4889"},{"taxonomy":"product_cat","embeddable":true,"href":"https:\/\/sertec.pt\/es\/wp-json\/wp\/v2\/product_cat?post=4889"},{"taxonomy":"product_tag","embeddable":true,"href":"https:\/\/sertec.pt\/es\/wp-json\/wp\/v2\/product_tag?post=4889"}],"curies":[{"name":"wp","href":"https:\/\/api.w.org\/{rel}","templated":true}]}}