{"id":4888,"date":"2025-11-18T18:24:13","date_gmt":"2025-11-18T18:24:13","guid":{"rendered":"https:\/\/sertec.pt\/produto\/lego-marvel-la-emboscada-del-deviant\/"},"modified":"2025-11-18T18:24:13","modified_gmt":"2025-11-18T18:24:13","slug":"lego-marvel-la-emboscada-del-deviant","status":"publish","type":"product","link":"https:\/\/sertec.pt\/es\/produto\/lego-marvel-la-emboscada-del-deviant\/","title":{"rendered":"\u00a1LEGO Marvel: La emboscada del Deviant!"},"content":{"rendered":"<p>Incluye 3 minifiguras de superh\u00e9roes de LEGO\u00ae Marvel Eternals \u2014Thena, Makkari y el exclusivo Gilgamesh\u2014, un Deviant articulado de 6 patas con boca que se abre y se cierra, una daga, un arma de pu\u00f1o y un lanzador.<br \/>\nLos ni\u00f1os pueden poner en pr\u00e1ctica sus habilidades de superh\u00e9roes cuando un Deviant de 6 patas lanza un ataque contra 3 l\u00edderes de los Eternals. Con este incre\u00edble set de juguetes del bien contra el mal, la imaginaci\u00f3n no tendr\u00e1 l\u00edmites.<br \/>\nCon el set de juguetes de superh\u00e9roes The Eternals, los ni\u00f1os pueden construir, jugar e imaginar. Y con las sencillas instrucciones incluidas, \u00a1la diversi\u00f3n puede empezar de inmediato!<\/p>\n","protected":false},"excerpt":{"rendered":"<p>Con LEGO\u00ae Marvel Deviant Ambush! (76154), los ni\u00f1os pueden recrear la acci\u00f3n y la emoci\u00f3n de la pel\u00edcula The Eternals, de Marvel Studios, e inventar sus propias aventuras de superh\u00e9roes.<\/p>\n<p>Lleno de acci\u00f3n de la pel\u00edcula The Eternals, de Marvel Studios, de 2021<br \/>\nCuando un Deviant de seis patas con una boca afilada lanza un ataque contra tres de los Eternos \u2014Thena, Gilgamesh y Makkari\u2014, los ni\u00f1os deben acudir en su ayuda con todas sus habilidades de superh\u00e9roes. Con 3 minifiguras de superh\u00e9roes, los m\u00e1s j\u00f3venes pueden imaginar c\u00f3mo usar sus superpoderes: la capacidad de Thena para invocar armas blancas, la superfuerza de Gilgamesh y la velocidad fenomenal de Makkari.<\/p>\n","protected":false},"featured_media":4418,"comment_status":"closed","ping_status":"closed","template":"","meta":{"_seopress_robots_primary_cat":"none","_seopress_titles_title":"","_seopress_titles_desc":"","_seopress_robots_index":"","site-sidebar-layout":"default","site-content-layout":"","ast-site-content-layout":"default","site-content-style":"default","site-sidebar-style":"default","ast-global-header-display":"","ast-banner-title-visibility":"","ast-main-header-display":"","ast-hfb-above-header-display":"","ast-hfb-below-header-display":"","ast-hfb-mobile-header-display":"","site-post-title":"","ast-breadcrumbs-content":"","ast-featured-img":"","footer-sml-layout":"","ast-disable-related-posts":"","theme-transparent-header-meta":"default","adv-header-id-meta":"","stick-header-meta":"default","header-above-stick-meta":"","header-main-stick-meta":"","header-below-stick-meta":"","astra-migrate-meta-layouts":"default","ast-page-background-enabled":"default","ast-page-background-meta":{"desktop":{"background-color":"var(--ast-global-color-4)","background-image":"","background-repeat":"repeat","background-position":"center center","background-size":"auto","background-attachment":"scroll","background-type":"","background-media":"","overlay-type":"","overlay-color":"","overlay-opacity":"","overlay-gradient":""},"tablet":{"background-color":"","background-image":"","background-repeat":"repeat","background-position":"center center","background-size":"auto","background-attachment":"scroll","background-type":"","background-media":"","overlay-type":"","overlay-color":"","overlay-opacity":"","overlay-gradient":""},"mobile":{"background-color":"","background-image":"","background-repeat":"repeat","background-position":"center center","background-size":"auto","background-attachment":"scroll","background-type":"","background-media":"","overlay-type":"","overlay-color":"","overlay-opacity":"","overlay-gradient":""}},"ast-content-background-meta":{"desktop":{"background-color":"var(--ast-global-color-5)","background-image":"","background-repeat":"repeat","background-position":"center center","background-size":"auto","background-attachment":"scroll","background-type":"","background-media":"","overlay-type":"","overlay-color":"","overlay-opacity":"","overlay-gradient":""},"tablet":{"background-color":"var(--ast-global-color-5)","background-image":"","background-repeat":"repeat","background-position":"center center","background-size":"auto","background-attachment":"scroll","background-type":"","background-media":"","overlay-type":"","overlay-color":"","overlay-opacity":"","overlay-gradient":""},"mobile":{"background-color":"var(--ast-global-color-5)","background-image":"","background-repeat":"repeat","background-position":"center center","background-size":"auto","background-attachment":"scroll","background-type":"","background-media":"","overlay-type":"","overlay-color":"","overlay-opacity":"","overlay-gradient":""}}},"product_brand":[],"product_cat":[441,444,445],"product_tag":[],"class_list":{"0":"post-4888","1":"product","2":"type-product","3":"status-publish","4":"has-post-thumbnail","6":"product_cat-jogos-e-brinquedos","7":"product_cat-lego","8":"product_cat-sin-categoria","9":"desktop-align-left","10":"tablet-align-left","11":"mobile-align-left","12":"ast-product-gallery-layout-horizontal-slider","13":"ast-product-tabs-layout-horizontal","15":"first","16":"instock","17":"taxable","18":"shipping-taxable","19":"purchasable","20":"product-type-simple"},"_links":{"self":[{"href":"https:\/\/sertec.pt\/es\/wp-json\/wp\/v2\/product\/4888","targetHints":{"allow":["GET"]}}],"collection":[{"href":"https:\/\/sertec.pt\/es\/wp-json\/wp\/v2\/product"}],"about":[{"href":"https:\/\/sertec.pt\/es\/wp-json\/wp\/v2\/types\/product"}],"replies":[{"embeddable":true,"href":"https:\/\/sertec.pt\/es\/wp-json\/wp\/v2\/comments?post=4888"}],"wp:featuredmedia":[{"embeddable":true,"href":"https:\/\/sertec.pt\/es\/wp-json\/wp\/v2\/media\/4418"}],"wp:attachment":[{"href":"https:\/\/sertec.pt\/es\/wp-json\/wp\/v2\/media?parent=4888"}],"wp:term":[{"taxonomy":"product_brand","embeddable":true,"href":"https:\/\/sertec.pt\/es\/wp-json\/wp\/v2\/product_brand?post=4888"},{"taxonomy":"product_cat","embeddable":true,"href":"https:\/\/sertec.pt\/es\/wp-json\/wp\/v2\/product_cat?post=4888"},{"taxonomy":"product_tag","embeddable":true,"href":"https:\/\/sertec.pt\/es\/wp-json\/wp\/v2\/product_tag?post=4888"}],"curies":[{"name":"wp","href":"https:\/\/api.w.org\/{rel}","templated":true}]}}