{"id":4887,"date":"2025-11-19T10:42:17","date_gmt":"2025-11-19T10:42:17","guid":{"rendered":"https:\/\/sertec.pt\/produto\/tactonom-reader\/"},"modified":"2025-11-19T10:42:17","modified_gmt":"2025-11-19T10:42:17","slug":"tactonom-reader","status":"publish","type":"product","link":"https:\/\/sertec.pt\/es\/produto\/tactonom-reader\/","title":{"rendered":"Tactonom Reader"},"content":{"rendered":"<p>Caracter\u00edsticas:<\/p>\n<p>&#8211; Compatible con diferentes idiomas.<br \/>\n&#8211; Transferencia de datos de audio a trav\u00e9s de USB o Wi-Fi.<br \/>\n&#8211; Posibles m\u00e9todos de impresi\u00f3n de modelos t\u00e1ctiles: papel t\u00e1ctil, impresi\u00f3n en braille.<br \/>\n&#8211; Altavoz integrado, conector de 3,5 mm para auriculares.<br \/>\n&#8211; C\u00e1mara plegable para facilitar su transporte.<br \/>\n&#8211; Dimensiones aproximadas (An x Al x Pr): 43 cm x 43 cm x 47 cm.<br \/>\n&#8211; Peso aproximado: 5,7 kg.<\/p>\n","protected":false},"excerpt":{"rendered":"<p>Comprender los gr\u00e1ficos mediante el tacto supone un gran reto para las personas ciegas y con discapacidad visual grave. Por eso suelen depender de la ayuda de personas con visi\u00f3n normal.<\/p>\n<p>Por este motivo, en la educaci\u00f3n se utilizan muy pocos gr\u00e1ficos t\u00e1ctiles: mientras que las personas con visi\u00f3n normal aprenden con unos 25 000 gr\u00e1ficos en la escuela, \u00a1las personas ciegas utilizan unos 100!<\/p>\n<p>El Tactonom Reader resuelve ambos retos: el Tactonom Reader permite el aprendizaje independiente. Colaboramos con ProBlind. Miles de gr\u00e1ficos t\u00e1ctiles est\u00e1n disponibles de forma gratuita en la base de datos \u00abShare\u00bb.<\/p>\n","protected":false},"featured_media":3856,"comment_status":"closed","ping_status":"closed","template":"","meta":{"_seopress_robots_primary_cat":"none","_seopress_titles_title":"","_seopress_titles_desc":"","_seopress_robots_index":"","site-sidebar-layout":"default","site-content-layout":"","ast-site-content-layout":"default","site-content-style":"default","site-sidebar-style":"default","ast-global-header-display":"","ast-banner-title-visibility":"","ast-main-header-display":"","ast-hfb-above-header-display":"","ast-hfb-below-header-display":"","ast-hfb-mobile-header-display":"","site-post-title":"","ast-breadcrumbs-content":"","ast-featured-img":"","footer-sml-layout":"","ast-disable-related-posts":"","theme-transparent-header-meta":"default","adv-header-id-meta":"","stick-header-meta":"default","header-above-stick-meta":"","header-main-stick-meta":"","header-below-stick-meta":"","astra-migrate-meta-layouts":"default","ast-page-background-enabled":"default","ast-page-background-meta":{"desktop":{"background-color":"var(--ast-global-color-4)","background-image":"","background-repeat":"repeat","background-position":"center center","background-size":"auto","background-attachment":"scroll","background-type":"","background-media":"","overlay-type":"","overlay-color":"","overlay-opacity":"","overlay-gradient":""},"tablet":{"background-color":"","background-image":"","background-repeat":"repeat","background-position":"center center","background-size":"auto","background-attachment":"scroll","background-type":"","background-media":"","overlay-type":"","overlay-color":"","overlay-opacity":"","overlay-gradient":""},"mobile":{"background-color":"","background-image":"","background-repeat":"repeat","background-position":"center center","background-size":"auto","background-attachment":"scroll","background-type":"","background-media":"","overlay-type":"","overlay-color":"","overlay-opacity":"","overlay-gradient":""}},"ast-content-background-meta":{"desktop":{"background-color":"var(--ast-global-color-5)","background-image":"","background-repeat":"repeat","background-position":"center center","background-size":"auto","background-attachment":"scroll","background-type":"","background-media":"","overlay-type":"","overlay-color":"","overlay-opacity":"","overlay-gradient":""},"tablet":{"background-color":"var(--ast-global-color-5)","background-image":"","background-repeat":"repeat","background-position":"center center","background-size":"auto","background-attachment":"scroll","background-type":"","background-media":"","overlay-type":"","overlay-color":"","overlay-opacity":"","overlay-gradient":""},"mobile":{"background-color":"var(--ast-global-color-5)","background-image":"","background-repeat":"repeat","background-position":"center center","background-size":"auto","background-attachment":"scroll","background-type":"","background-media":"","overlay-type":"","overlay-color":"","overlay-opacity":"","overlay-gradient":""}}},"product_brand":[],"product_cat":[392],"product_tag":[],"class_list":{"0":"post-4887","1":"product","2":"type-product","3":"status-publish","4":"has-post-thumbnail","6":"product_cat-educacion","7":"pa_vermelho-blue-es","8":"desktop-align-left","9":"tablet-align-left","10":"mobile-align-left","11":"ast-product-gallery-layout-horizontal-slider","12":"ast-product-tabs-layout-horizontal","14":"first","15":"instock","16":"taxable","17":"shipping-taxable","18":"purchasable","19":"product-type-simple"},"_links":{"self":[{"href":"https:\/\/sertec.pt\/es\/wp-json\/wp\/v2\/product\/4887","targetHints":{"allow":["GET"]}}],"collection":[{"href":"https:\/\/sertec.pt\/es\/wp-json\/wp\/v2\/product"}],"about":[{"href":"https:\/\/sertec.pt\/es\/wp-json\/wp\/v2\/types\/product"}],"replies":[{"embeddable":true,"href":"https:\/\/sertec.pt\/es\/wp-json\/wp\/v2\/comments?post=4887"}],"wp:featuredmedia":[{"embeddable":true,"href":"https:\/\/sertec.pt\/es\/wp-json\/wp\/v2\/media\/3856"}],"wp:attachment":[{"href":"https:\/\/sertec.pt\/es\/wp-json\/wp\/v2\/media?parent=4887"}],"wp:term":[{"taxonomy":"product_brand","embeddable":true,"href":"https:\/\/sertec.pt\/es\/wp-json\/wp\/v2\/product_brand?post=4887"},{"taxonomy":"product_cat","embeddable":true,"href":"https:\/\/sertec.pt\/es\/wp-json\/wp\/v2\/product_cat?post=4887"},{"taxonomy":"product_tag","embeddable":true,"href":"https:\/\/sertec.pt\/es\/wp-json\/wp\/v2\/product_tag?post=4887"}],"curies":[{"name":"wp","href":"https:\/\/api.w.org\/{rel}","templated":true}]}}