{"id":4882,"date":"2025-11-25T18:21:51","date_gmt":"2025-11-25T18:21:51","guid":{"rendered":"https:\/\/sertec.pt\/produto\/lego-star-wars-problemas-en-tatooine\/"},"modified":"2025-11-25T18:21:51","modified_gmt":"2025-11-25T18:21:51","slug":"lego-star-wars-problemas-en-tatooine","status":"publish","type":"product","link":"https:\/\/sertec.pt\/es\/produto\/lego-star-wars-problemas-en-tatooine\/","title":{"rendered":"LEGO Star Wars: Problemas en Tatooine"},"content":{"rendered":"<p>ncluye minifiguras LEGO\u00ae del Mandaloriano y del Tusken Raider, cada una con armas para jugar a simular combates, adem\u00e1s de una figura LEGO del Ni\u00f1o (el popular personaje conocido cari\u00f1osamente como Baby Yoda).<\/p>\n","protected":false},"excerpt":{"rendered":"<p>A los ni\u00f1os les encantar\u00e1 acompa\u00f1ar al Mandaloriano y a un Tusken Raider en sus misiones por el desierto con este set LEGO\u00ae Star Wars\u2122 \u00abTrouble on Tatooine\u00bb (75299). Incluye la moto speeder del Mandaloriano con un asiento para una minifigura LEGO y una bolsa para que se siente el Ni\u00f1o, adem\u00e1s de una caba\u00f1a Tusken para construir y una balista lanzamisiles para el Tusken Raider.<\/p>\n<p>Este fant\u00e1stico juguete de construcci\u00f3n para ni\u00f1os incluye minifiguras LEGO del Mandaloriano y del Tusken Raider, una figura LEGO del Ni\u00f1o (cari\u00f1osamente conocido como Baby Yoda), adem\u00e1s de fant\u00e1sticas armas para inspirar horas de diversi\u00f3n en juegos de rol. Una idea de regalo estupenda para los j\u00f3venes fans de Star Wars, viene con instrucciones claras para que incluso quienes nunca hayan jugado con LEGO puedan disfrutar de la experiencia de construcci\u00f3n.<\/p>\n","protected":false},"featured_media":4409,"comment_status":"closed","ping_status":"closed","template":"","meta":{"_seopress_robots_primary_cat":"none","_seopress_titles_title":"","_seopress_titles_desc":"","_seopress_robots_index":"","site-sidebar-layout":"default","site-content-layout":"","ast-site-content-layout":"default","site-content-style":"default","site-sidebar-style":"default","ast-global-header-display":"","ast-banner-title-visibility":"","ast-main-header-display":"","ast-hfb-above-header-display":"","ast-hfb-below-header-display":"","ast-hfb-mobile-header-display":"","site-post-title":"","ast-breadcrumbs-content":"","ast-featured-img":"","footer-sml-layout":"","ast-disable-related-posts":"","theme-transparent-header-meta":"default","adv-header-id-meta":"","stick-header-meta":"default","header-above-stick-meta":"","header-main-stick-meta":"","header-below-stick-meta":"","astra-migrate-meta-layouts":"default","ast-page-background-enabled":"default","ast-page-background-meta":{"desktop":{"background-color":"var(--ast-global-color-4)","background-image":"","background-repeat":"repeat","background-position":"center center","background-size":"auto","background-attachment":"scroll","background-type":"","background-media":"","overlay-type":"","overlay-color":"","overlay-opacity":"","overlay-gradient":""},"tablet":{"background-color":"","background-image":"","background-repeat":"repeat","background-position":"center center","background-size":"auto","background-attachment":"scroll","background-type":"","background-media":"","overlay-type":"","overlay-color":"","overlay-opacity":"","overlay-gradient":""},"mobile":{"background-color":"","background-image":"","background-repeat":"repeat","background-position":"center center","background-size":"auto","background-attachment":"scroll","background-type":"","background-media":"","overlay-type":"","overlay-color":"","overlay-opacity":"","overlay-gradient":""}},"ast-content-background-meta":{"desktop":{"background-color":"var(--ast-global-color-5)","background-image":"","background-repeat":"repeat","background-position":"center center","background-size":"auto","background-attachment":"scroll","background-type":"","background-media":"","overlay-type":"","overlay-color":"","overlay-opacity":"","overlay-gradient":""},"tablet":{"background-color":"var(--ast-global-color-5)","background-image":"","background-repeat":"repeat","background-position":"center center","background-size":"auto","background-attachment":"scroll","background-type":"","background-media":"","overlay-type":"","overlay-color":"","overlay-opacity":"","overlay-gradient":""},"mobile":{"background-color":"var(--ast-global-color-5)","background-image":"","background-repeat":"repeat","background-position":"center center","background-size":"auto","background-attachment":"scroll","background-type":"","background-media":"","overlay-type":"","overlay-color":"","overlay-opacity":"","overlay-gradient":""}}},"product_brand":[],"product_cat":[441,444],"product_tag":[],"class_list":{"0":"post-4882","1":"product","2":"type-product","3":"status-publish","4":"has-post-thumbnail","6":"product_cat-jogos-e-brinquedos","7":"product_cat-lego","8":"desktop-align-left","9":"tablet-align-left","10":"mobile-align-left","11":"ast-product-gallery-layout-horizontal-slider","12":"ast-product-tabs-layout-horizontal","14":"first","15":"instock","16":"taxable","17":"shipping-taxable","18":"purchasable","19":"product-type-simple"},"_links":{"self":[{"href":"https:\/\/sertec.pt\/es\/wp-json\/wp\/v2\/product\/4882","targetHints":{"allow":["GET"]}}],"collection":[{"href":"https:\/\/sertec.pt\/es\/wp-json\/wp\/v2\/product"}],"about":[{"href":"https:\/\/sertec.pt\/es\/wp-json\/wp\/v2\/types\/product"}],"replies":[{"embeddable":true,"href":"https:\/\/sertec.pt\/es\/wp-json\/wp\/v2\/comments?post=4882"}],"wp:featuredmedia":[{"embeddable":true,"href":"https:\/\/sertec.pt\/es\/wp-json\/wp\/v2\/media\/4409"}],"wp:attachment":[{"href":"https:\/\/sertec.pt\/es\/wp-json\/wp\/v2\/media?parent=4882"}],"wp:term":[{"taxonomy":"product_brand","embeddable":true,"href":"https:\/\/sertec.pt\/es\/wp-json\/wp\/v2\/product_brand?post=4882"},{"taxonomy":"product_cat","embeddable":true,"href":"https:\/\/sertec.pt\/es\/wp-json\/wp\/v2\/product_cat?post=4882"},{"taxonomy":"product_tag","embeddable":true,"href":"https:\/\/sertec.pt\/es\/wp-json\/wp\/v2\/product_tag?post=4882"}],"curies":[{"name":"wp","href":"https:\/\/api.w.org\/{rel}","templated":true}]}}