{"id":4834,"date":"2025-12-09T16:47:53","date_gmt":"2025-12-09T16:47:53","guid":{"rendered":"https:\/\/sertec.pt\/produto\/lego-city-lucha-contra-incendios-con-helicoptero\/"},"modified":"2025-12-09T16:47:53","modified_gmt":"2025-12-09T16:47:53","slug":"lego-city-lucha-contra-incendios-con-helicoptero","status":"publish","type":"product","link":"https:\/\/sertec.pt\/es\/produto\/lego-city-lucha-contra-incendios-con-helicoptero\/","title":{"rendered":"LEGO City: Lucha contra incendios con helic\u00f3ptero"},"content":{"rendered":"","protected":false},"excerpt":{"rendered":"<p>Un fant\u00e1stico set de construcci\u00f3n para ni\u00f1os a los que les encantan los juguetes de acci\u00f3n, este set LEGO\u00ae City \u00abIntervenci\u00f3n del helic\u00f3ptero de bomberos\u00bb (60248) incluye un helic\u00f3ptero con cuerda de arranque que vuela de verdad, adem\u00e1s de un quad de intervenci\u00f3n y un escenario de incendio. Los ni\u00f1os pueden divertirse jugando con 3 minifiguras. Si buscas el regalo ideal para Navidad, un cumplea\u00f1os o cualquier otra ocasi\u00f3n para ni\u00f1os a los que les encantan los juguetes de acci\u00f3n, no busques m\u00e1s. Con instrucciones de construcci\u00f3n f\u00e1ciles de seguir, incluso los constructores LEGO en ciernes podr\u00e1n sumergirse directamente en una experiencia inmersiva e independiente de construir y jugar, \u00a1y divertirse interpretando personajes divertidos!<\/p>\n","protected":false},"featured_media":4393,"comment_status":"closed","ping_status":"closed","template":"","meta":{"_seopress_robots_primary_cat":"none","_seopress_titles_title":"","_seopress_titles_desc":"","_seopress_robots_index":"","site-sidebar-layout":"default","site-content-layout":"","ast-site-content-layout":"default","site-content-style":"default","site-sidebar-style":"default","ast-global-header-display":"","ast-banner-title-visibility":"","ast-main-header-display":"","ast-hfb-above-header-display":"","ast-hfb-below-header-display":"","ast-hfb-mobile-header-display":"","site-post-title":"","ast-breadcrumbs-content":"","ast-featured-img":"","footer-sml-layout":"","ast-disable-related-posts":"","theme-transparent-header-meta":"default","adv-header-id-meta":"","stick-header-meta":"default","header-above-stick-meta":"","header-main-stick-meta":"","header-below-stick-meta":"","astra-migrate-meta-layouts":"default","ast-page-background-enabled":"default","ast-page-background-meta":{"desktop":{"background-color":"var(--ast-global-color-4)","background-image":"","background-repeat":"repeat","background-position":"center center","background-size":"auto","background-attachment":"scroll","background-type":"","background-media":"","overlay-type":"","overlay-color":"","overlay-opacity":"","overlay-gradient":""},"tablet":{"background-color":"","background-image":"","background-repeat":"repeat","background-position":"center center","background-size":"auto","background-attachment":"scroll","background-type":"","background-media":"","overlay-type":"","overlay-color":"","overlay-opacity":"","overlay-gradient":""},"mobile":{"background-color":"","background-image":"","background-repeat":"repeat","background-position":"center center","background-size":"auto","background-attachment":"scroll","background-type":"","background-media":"","overlay-type":"","overlay-color":"","overlay-opacity":"","overlay-gradient":""}},"ast-content-background-meta":{"desktop":{"background-color":"var(--ast-global-color-5)","background-image":"","background-repeat":"repeat","background-position":"center center","background-size":"auto","background-attachment":"scroll","background-type":"","background-media":"","overlay-type":"","overlay-color":"","overlay-opacity":"","overlay-gradient":""},"tablet":{"background-color":"var(--ast-global-color-5)","background-image":"","background-repeat":"repeat","background-position":"center center","background-size":"auto","background-attachment":"scroll","background-type":"","background-media":"","overlay-type":"","overlay-color":"","overlay-opacity":"","overlay-gradient":""},"mobile":{"background-color":"var(--ast-global-color-5)","background-image":"","background-repeat":"repeat","background-position":"center center","background-size":"auto","background-attachment":"scroll","background-type":"","background-media":"","overlay-type":"","overlay-color":"","overlay-opacity":"","overlay-gradient":""}}},"product_brand":[],"product_cat":[441,444],"product_tag":[],"class_list":{"0":"post-4834","1":"product","2":"type-product","3":"status-publish","4":"has-post-thumbnail","6":"product_cat-jogos-e-brinquedos","7":"product_cat-lego","8":"desktop-align-left","9":"tablet-align-left","10":"mobile-align-left","11":"ast-product-gallery-layout-horizontal-slider","12":"ast-product-tabs-layout-horizontal","14":"first","15":"instock","16":"taxable","17":"shipping-taxable","18":"purchasable","19":"product-type-simple"},"_links":{"self":[{"href":"https:\/\/sertec.pt\/es\/wp-json\/wp\/v2\/product\/4834","targetHints":{"allow":["GET"]}}],"collection":[{"href":"https:\/\/sertec.pt\/es\/wp-json\/wp\/v2\/product"}],"about":[{"href":"https:\/\/sertec.pt\/es\/wp-json\/wp\/v2\/types\/product"}],"replies":[{"embeddable":true,"href":"https:\/\/sertec.pt\/es\/wp-json\/wp\/v2\/comments?post=4834"}],"wp:featuredmedia":[{"embeddable":true,"href":"https:\/\/sertec.pt\/es\/wp-json\/wp\/v2\/media\/4393"}],"wp:attachment":[{"href":"https:\/\/sertec.pt\/es\/wp-json\/wp\/v2\/media?parent=4834"}],"wp:term":[{"taxonomy":"product_brand","embeddable":true,"href":"https:\/\/sertec.pt\/es\/wp-json\/wp\/v2\/product_brand?post=4834"},{"taxonomy":"product_cat","embeddable":true,"href":"https:\/\/sertec.pt\/es\/wp-json\/wp\/v2\/product_cat?post=4834"},{"taxonomy":"product_tag","embeddable":true,"href":"https:\/\/sertec.pt\/es\/wp-json\/wp\/v2\/product_tag?post=4834"}],"curies":[{"name":"wp","href":"https:\/\/api.w.org\/{rel}","templated":true}]}}