{"id":4830,"date":"2025-12-09T18:25:05","date_gmt":"2025-12-09T18:25:05","guid":{"rendered":"https:\/\/sertec.pt\/produto\/lego-creator-3-en-1-avion-de-helice\/"},"modified":"2025-12-09T18:25:05","modified_gmt":"2025-12-09T18:25:05","slug":"lego-creator-3-en-1-avion-de-helice","status":"publish","type":"product","link":"https:\/\/sertec.pt\/es\/produto\/lego-creator-3-en-1-avion-de-helice\/","title":{"rendered":"LEGO Creator 3 en 1: Avi\u00f3n de h\u00e9lice"},"content":{"rendered":"","protected":false},"excerpt":{"rendered":"<p>Fomenta la creatividad y el amor por el juego de los ni\u00f1os con el emocionante set LEGO\u00ae Creator 3 en 1 \u00abAvi\u00f3n de h\u00e9lice\u00bb. A los ni\u00f1os les encantar\u00e1 realizar despegues y aterrizajes incre\u00edbles con este colorido avi\u00f3n, que cuenta con una h\u00e9lice giratoria y puntas de alas ajustables.<\/p>\n<p>Los ni\u00f1os disfrutan de 3 experiencias diferentes de construcci\u00f3n y juego con este set LEGO Creator 3 en 1. Pueden construir un avi\u00f3n de h\u00e9lice y luego reconstruirlo como un avi\u00f3n a reacci\u00f3n o un helic\u00f3ptero de juguete con plataforma de aterrizaje. Despu\u00e9s, pueden dar rienda suelta a su creatividad y construir algo completamente nuevo. Este fant\u00e1stico juguete de construcci\u00f3n explora diferentes aficiones con sus opciones de construcci\u00f3n 3 en 1 y es un excelente regalo para cualquier ocasi\u00f3n.<\/p>\n<p>Los modelos ofrecen infinitas oportunidades de construcci\u00f3n y juego, al tiempo que ayudan a despertar la creatividad en ni\u00f1os de todas las edades. Estos divertidos e inspiradores sets tambi\u00e9n son excelentes peque\u00f1os regalos de Navidad o de cumplea\u00f1os para los m\u00e1s peque\u00f1os.<\/p>\n","protected":false},"featured_media":4383,"comment_status":"closed","ping_status":"closed","template":"","meta":{"_seopress_robots_primary_cat":"none","_seopress_titles_title":"","_seopress_titles_desc":"","_seopress_robots_index":"","site-sidebar-layout":"default","site-content-layout":"","ast-site-content-layout":"default","site-content-style":"default","site-sidebar-style":"default","ast-global-header-display":"","ast-banner-title-visibility":"","ast-main-header-display":"","ast-hfb-above-header-display":"","ast-hfb-below-header-display":"","ast-hfb-mobile-header-display":"","site-post-title":"","ast-breadcrumbs-content":"","ast-featured-img":"","footer-sml-layout":"","ast-disable-related-posts":"","theme-transparent-header-meta":"default","adv-header-id-meta":"","stick-header-meta":"default","header-above-stick-meta":"","header-main-stick-meta":"","header-below-stick-meta":"","astra-migrate-meta-layouts":"default","ast-page-background-enabled":"default","ast-page-background-meta":{"desktop":{"background-color":"var(--ast-global-color-4)","background-image":"","background-repeat":"repeat","background-position":"center center","background-size":"auto","background-attachment":"scroll","background-type":"","background-media":"","overlay-type":"","overlay-color":"","overlay-opacity":"","overlay-gradient":""},"tablet":{"background-color":"","background-image":"","background-repeat":"repeat","background-position":"center center","background-size":"auto","background-attachment":"scroll","background-type":"","background-media":"","overlay-type":"","overlay-color":"","overlay-opacity":"","overlay-gradient":""},"mobile":{"background-color":"","background-image":"","background-repeat":"repeat","background-position":"center center","background-size":"auto","background-attachment":"scroll","background-type":"","background-media":"","overlay-type":"","overlay-color":"","overlay-opacity":"","overlay-gradient":""}},"ast-content-background-meta":{"desktop":{"background-color":"var(--ast-global-color-5)","background-image":"","background-repeat":"repeat","background-position":"center center","background-size":"auto","background-attachment":"scroll","background-type":"","background-media":"","overlay-type":"","overlay-color":"","overlay-opacity":"","overlay-gradient":""},"tablet":{"background-color":"var(--ast-global-color-5)","background-image":"","background-repeat":"repeat","background-position":"center center","background-size":"auto","background-attachment":"scroll","background-type":"","background-media":"","overlay-type":"","overlay-color":"","overlay-opacity":"","overlay-gradient":""},"mobile":{"background-color":"var(--ast-global-color-5)","background-image":"","background-repeat":"repeat","background-position":"center center","background-size":"auto","background-attachment":"scroll","background-type":"","background-media":"","overlay-type":"","overlay-color":"","overlay-opacity":"","overlay-gradient":""}}},"product_brand":[],"product_cat":[441,444],"product_tag":[],"class_list":{"0":"post-4830","1":"product","2":"type-product","3":"status-publish","4":"has-post-thumbnail","6":"product_cat-jogos-e-brinquedos","7":"product_cat-lego","8":"desktop-align-left","9":"tablet-align-left","10":"mobile-align-left","11":"ast-product-gallery-layout-horizontal-slider","12":"ast-product-tabs-layout-horizontal","14":"first","15":"instock","16":"taxable","17":"shipping-taxable","18":"purchasable","19":"product-type-simple"},"_links":{"self":[{"href":"https:\/\/sertec.pt\/es\/wp-json\/wp\/v2\/product\/4830","targetHints":{"allow":["GET"]}}],"collection":[{"href":"https:\/\/sertec.pt\/es\/wp-json\/wp\/v2\/product"}],"about":[{"href":"https:\/\/sertec.pt\/es\/wp-json\/wp\/v2\/types\/product"}],"replies":[{"embeddable":true,"href":"https:\/\/sertec.pt\/es\/wp-json\/wp\/v2\/comments?post=4830"}],"wp:featuredmedia":[{"embeddable":true,"href":"https:\/\/sertec.pt\/es\/wp-json\/wp\/v2\/media\/4383"}],"wp:attachment":[{"href":"https:\/\/sertec.pt\/es\/wp-json\/wp\/v2\/media?parent=4830"}],"wp:term":[{"taxonomy":"product_brand","embeddable":true,"href":"https:\/\/sertec.pt\/es\/wp-json\/wp\/v2\/product_brand?post=4830"},{"taxonomy":"product_cat","embeddable":true,"href":"https:\/\/sertec.pt\/es\/wp-json\/wp\/v2\/product_cat?post=4830"},{"taxonomy":"product_tag","embeddable":true,"href":"https:\/\/sertec.pt\/es\/wp-json\/wp\/v2\/product_tag?post=4830"}],"curies":[{"name":"wp","href":"https:\/\/api.w.org\/{rel}","templated":true}]}}