{"id":3315,"date":"2025-06-23T01:00:42","date_gmt":"2025-06-23T00:00:42","guid":{"rendered":"https:\/\/sertec.pt\/produto\/pen-friend-3-sistema-de-etiquetas-parlantes\/"},"modified":"2025-07-08T23:17:53","modified_gmt":"2025-07-08T22:17:53","slug":"pen-friend-3-sistema-de-etiquetas-parlantes","status":"publish","type":"product","link":"https:\/\/sertec.pt\/es\/produto\/pen-friend-3-sistema-de-etiquetas-parlantes\/","title":{"rendered":"Pen Friend 3 &#8211; sistema de etiquetas parlantes"},"content":{"rendered":"<p>Especificaciones<br \/>\n&#8211; Memoria interna: La memoria interna de 16 GB almacena hasta 250 horas de grabaciones. La memoria es ampliable mediante tarjeta SD de hasta 32 GB.<br \/>\n&#8211; Cada etiqueta contiene un mensaje de hasta una hora de duraci\u00f3n.<br \/>\n&#8211; Graba nuevos mensajes en cualquier etiqueta para reutilizarlos siempre que sea posible.<br \/>\n&#8211; Color: negro con cuatro botones amarillos t\u00e1ctiles.<br \/>\n&#8211; Tama\u00f1o: 15 \u00d7 2,5 \u00d7 2 cm.<br \/>\n&#8211; Tama\u00f1o de la punta: 1 cm.<br \/>\n&#8211; Peso: 54 g (sin cord\u00f3n).<\/p>\n<p>La caja contiene:<\/p>\n<p>&#8211; Rotulador de audio RNIB PenFriend 3<br \/>\n&#8211; 21 etiquetas t\u00e1ctiles rectangulares.<br \/>\n&#8211; 84 etiquetas adhesivas peque\u00f1as, circulares, naranjas y amarillas.<br \/>\n&#8211; Un llavero con cuatro puntos de grabado.<br \/>\n&#8211; Cord\u00f3n de seguridad.<br \/>\n&#8211; Tarjeta de instrucciones de audio \u00abPrimeros pasos\u00bb.<br \/>\n&#8211; Dos pilas AAA (ya insertadas).<\/p>\n","protected":false},"excerpt":{"rendered":"<p>Dispositivo con forma de bol\u00edgrafo que graba y lee etiquetas de voz para identificar objetos.<\/p>\n<p>Simplemente grabe sus propias etiquetas de voz y p\u00e9guelas a una amplia gama de objetos en su casa, en la escuela o en el trabajo.<\/p>\n<p>Cuando necesite identificar el objeto, s\u00f3lo tiene que colocar el PenFriend 3 sobre la etiqueta y reproducir\u00e1 su grabaci\u00f3n. Tambi\u00e9n se puede utilizar como reproductor de m\u00fasica MP3 y de audiolibros.<\/p>\n<p>Este lector\/grabador de etiquetas con voz es f\u00e1cil de usar, con botones de funcionamiento t\u00e1ctiles amarillos de gran contraste. Tiene cuatro botones de funcionamiento t\u00e1ctiles amarillos que contrastan con la carcasa negra del PenFriend 3 para ayudar a las personas con baja visi\u00f3n.<\/p>\n<p>Cada etiqueta contiene un mensaje de hasta una hora de duraci\u00f3n, y puede grabar nuevos mensajes en cualquier etiqueta para reutilizarlos siempre que sea posible.<\/p>\n","protected":false},"featured_media":3316,"comment_status":"closed","ping_status":"closed","template":"","meta":{"_seopress_robots_primary_cat":"none","_seopress_titles_title":"","_seopress_titles_desc":"","_seopress_robots_index":"","site-sidebar-layout":"default","site-content-layout":"","ast-site-content-layout":"default","site-content-style":"default","site-sidebar-style":"default","ast-global-header-display":"","ast-banner-title-visibility":"","ast-main-header-display":"","ast-hfb-above-header-display":"","ast-hfb-below-header-display":"","ast-hfb-mobile-header-display":"","site-post-title":"","ast-breadcrumbs-content":"","ast-featured-img":"","footer-sml-layout":"","ast-disable-related-posts":"","theme-transparent-header-meta":"default","adv-header-id-meta":"","stick-header-meta":"default","header-above-stick-meta":"","header-main-stick-meta":"","header-below-stick-meta":"","astra-migrate-meta-layouts":"set","ast-page-background-enabled":"default","ast-page-background-meta":{"desktop":{"background-color":"var(--ast-global-color-4)","background-image":"","background-repeat":"repeat","background-position":"center center","background-size":"auto","background-attachment":"scroll","background-type":"","background-media":"","overlay-type":"","overlay-color":"","overlay-opacity":"","overlay-gradient":""},"tablet":{"background-color":"","background-image":"","background-repeat":"repeat","background-position":"center center","background-size":"auto","background-attachment":"scroll","background-type":"","background-media":"","overlay-type":"","overlay-color":"","overlay-opacity":"","overlay-gradient":""},"mobile":{"background-color":"","background-image":"","background-repeat":"repeat","background-position":"center center","background-size":"auto","background-attachment":"scroll","background-type":"","background-media":"","overlay-type":"","overlay-color":"","overlay-opacity":"","overlay-gradient":""}},"ast-content-background-meta":{"desktop":{"background-color":"var(--ast-global-color-5)","background-image":"","background-repeat":"repeat","background-position":"center center","background-size":"auto","background-attachment":"scroll","background-type":"","background-media":"","overlay-type":"","overlay-color":"","overlay-opacity":"","overlay-gradient":""},"tablet":{"background-color":"var(--ast-global-color-5)","background-image":"","background-repeat":"repeat","background-position":"center center","background-size":"auto","background-attachment":"scroll","background-type":"","background-media":"","overlay-type":"","overlay-color":"","overlay-opacity":"","overlay-gradient":""},"mobile":{"background-color":"var(--ast-global-color-5)","background-image":"","background-repeat":"repeat","background-position":"center center","background-size":"auto","background-attachment":"scroll","background-type":"","background-media":"","overlay-type":"","overlay-color":"","overlay-opacity":"","overlay-gradient":""}}},"product_brand":[307],"product_cat":[400,399],"product_tag":[],"class_list":{"0":"post-3315","1":"product","2":"type-product","3":"status-publish","4":"has-post-thumbnail","6":"product_brand-https-shop-rnib-org-uk","7":"product_cat-utilidades","8":"product_cat-vida-cotidiana","9":"pa_vermelho-amarillo-negro","10":"desktop-align-left","11":"tablet-align-left","12":"mobile-align-left","13":"ast-product-gallery-layout-horizontal-slider","14":"ast-product-tabs-layout-horizontal","16":"first","17":"instock","18":"taxable","19":"shipping-taxable","20":"purchasable","21":"product-type-simple"},"_links":{"self":[{"href":"https:\/\/sertec.pt\/es\/wp-json\/wp\/v2\/product\/3315","targetHints":{"allow":["GET"]}}],"collection":[{"href":"https:\/\/sertec.pt\/es\/wp-json\/wp\/v2\/product"}],"about":[{"href":"https:\/\/sertec.pt\/es\/wp-json\/wp\/v2\/types\/product"}],"replies":[{"embeddable":true,"href":"https:\/\/sertec.pt\/es\/wp-json\/wp\/v2\/comments?post=3315"}],"wp:featuredmedia":[{"embeddable":true,"href":"https:\/\/sertec.pt\/es\/wp-json\/wp\/v2\/media\/3316"}],"wp:attachment":[{"href":"https:\/\/sertec.pt\/es\/wp-json\/wp\/v2\/media?parent=3315"}],"wp:term":[{"taxonomy":"product_brand","embeddable":true,"href":"https:\/\/sertec.pt\/es\/wp-json\/wp\/v2\/product_brand?post=3315"},{"taxonomy":"product_cat","embeddable":true,"href":"https:\/\/sertec.pt\/es\/wp-json\/wp\/v2\/product_cat?post=3315"},{"taxonomy":"product_tag","embeddable":true,"href":"https:\/\/sertec.pt\/es\/wp-json\/wp\/v2\/product_tag?post=3315"}],"curies":[{"name":"wp","href":"https:\/\/api.w.org\/{rel}","templated":true}]}}