{"id":3123,"date":"2025-06-25T22:25:07","date_gmt":"2025-06-25T21:25:07","guid":{"rendered":"https:\/\/sertec.pt\/produto\/multiplano\/"},"modified":"2025-07-08T22:42:44","modified_gmt":"2025-07-08T21:42:44","slug":"multiplano","status":"publish","type":"product","link":"https:\/\/sertec.pt\/es\/produto\/multiplano\/","title":{"rendered":"Multiplano"},"content":{"rendered":"<p>El Multiplano consiste en un tablero rectangular en el que se colocan clavijas, gomas el\u00e1sticas, piezas circulares que representan s\u00f3lidos geom\u00e9tricos, piezas para calcular funciones o trigonometr\u00eda, barras para gr\u00e1ficos, etc.<\/p>\n<p>Las piezas incluidas en el kit se pueden combinar para obtener el tama\u00f1o necesario para representar cantidades num\u00e9ricas o geom\u00e9tricas. Las actividades desarrolladas en el Multiplano se pueden explorar tanto visualmente como a trav\u00e9s del tacto, lo que permite comprender contenidos matem\u00e1ticos como:<\/p>\n<p>&#8211; construcci\u00f3n de n\u00fameros<\/p>\n<p>&#8211; tablas de multiplicar<\/p>\n<p>&#8211; operaciones<\/p>\n<p>&#8211; fracciones<\/p>\n<p>&#8211; figuras geom\u00e9tricas regulares e irregulares<\/p>\n<p>&#8211; simetr\u00eda<\/p>\n<p>&#8211; trigonometr\u00eda<\/p>\n<p>&#8211; geometr\u00eda plana y espacial<\/p>\n<p>&#8211; estad\u00edstica<\/p>\n<p>&#8211; y muchos otros&#8230;<\/p>\n<p>El Multiplano incluye una gu\u00eda de usuario y orientaci\u00f3n pedag\u00f3gica para profesores.<\/p>\n","protected":false},"excerpt":{"rendered":"<p>El Multiplano es un recurso did\u00e1ctico dise\u00f1ado para ayudar a aprender matem\u00e1ticas y estad\u00edstica. Se puede utilizar tanto en la educaci\u00f3n general como en la educaci\u00f3n especial. Consiste en un tablero rectangular en el que se colocan las piezas y los accesorios que forman parte del conjunto y que se pueden combinar para explicar una operaci\u00f3n matem\u00e1tica espec\u00edfica que se puede aprender y comprender a trav\u00e9s de la vista y el tacto.<\/p>\n","protected":false},"featured_media":3124,"comment_status":"closed","ping_status":"closed","template":"","meta":{"_seopress_robots_primary_cat":"none","_seopress_titles_title":"","_seopress_titles_desc":"","_seopress_robots_index":"","site-sidebar-layout":"default","site-content-layout":"","ast-site-content-layout":"default","site-content-style":"default","site-sidebar-style":"default","ast-global-header-display":"","ast-banner-title-visibility":"","ast-main-header-display":"","ast-hfb-above-header-display":"","ast-hfb-below-header-display":"","ast-hfb-mobile-header-display":"","site-post-title":"","ast-breadcrumbs-content":"","ast-featured-img":"","footer-sml-layout":"","ast-disable-related-posts":"","theme-transparent-header-meta":"default","adv-header-id-meta":"","stick-header-meta":"default","header-above-stick-meta":"","header-main-stick-meta":"","header-below-stick-meta":"","astra-migrate-meta-layouts":"default","ast-page-background-enabled":"default","ast-page-background-meta":{"desktop":{"background-color":"var(--ast-global-color-4)","background-image":"","background-repeat":"repeat","background-position":"center center","background-size":"auto","background-attachment":"scroll","background-type":"","background-media":"","overlay-type":"","overlay-color":"","overlay-opacity":"","overlay-gradient":""},"tablet":{"background-color":"","background-image":"","background-repeat":"repeat","background-position":"center center","background-size":"auto","background-attachment":"scroll","background-type":"","background-media":"","overlay-type":"","overlay-color":"","overlay-opacity":"","overlay-gradient":""},"mobile":{"background-color":"","background-image":"","background-repeat":"repeat","background-position":"center center","background-size":"auto","background-attachment":"scroll","background-type":"","background-media":"","overlay-type":"","overlay-color":"","overlay-opacity":"","overlay-gradient":""}},"ast-content-background-meta":{"desktop":{"background-color":"var(--ast-global-color-5)","background-image":"","background-repeat":"repeat","background-position":"center center","background-size":"auto","background-attachment":"scroll","background-type":"","background-media":"","overlay-type":"","overlay-color":"","overlay-opacity":"","overlay-gradient":""},"tablet":{"background-color":"var(--ast-global-color-5)","background-image":"","background-repeat":"repeat","background-position":"center center","background-size":"auto","background-attachment":"scroll","background-type":"","background-media":"","overlay-type":"","overlay-color":"","overlay-opacity":"","overlay-gradient":""},"mobile":{"background-color":"var(--ast-global-color-5)","background-image":"","background-repeat":"repeat","background-position":"center center","background-size":"auto","background-attachment":"scroll","background-type":"","background-media":"","overlay-type":"","overlay-color":"","overlay-opacity":"","overlay-gradient":""}}},"product_brand":[377,312],"product_cat":[392,397],"product_tag":[],"class_list":{"0":"post-3123","1":"product","2":"type-product","3":"status-publish","4":"has-post-thumbnail","6":"product_brand-multiplano","7":"product_brand-thinkable","8":"product_cat-educacion","9":"product_cat-mathematics-es","10":"pa_vermelho-blue-es","11":"desktop-align-left","12":"tablet-align-left","13":"mobile-align-left","14":"ast-product-gallery-layout-horizontal-slider","15":"ast-product-tabs-layout-horizontal","17":"first","18":"instock","19":"taxable","20":"shipping-taxable","21":"purchasable","22":"product-type-simple"},"_links":{"self":[{"href":"https:\/\/sertec.pt\/es\/wp-json\/wp\/v2\/product\/3123","targetHints":{"allow":["GET"]}}],"collection":[{"href":"https:\/\/sertec.pt\/es\/wp-json\/wp\/v2\/product"}],"about":[{"href":"https:\/\/sertec.pt\/es\/wp-json\/wp\/v2\/types\/product"}],"replies":[{"embeddable":true,"href":"https:\/\/sertec.pt\/es\/wp-json\/wp\/v2\/comments?post=3123"}],"wp:featuredmedia":[{"embeddable":true,"href":"https:\/\/sertec.pt\/es\/wp-json\/wp\/v2\/media\/3124"}],"wp:attachment":[{"href":"https:\/\/sertec.pt\/es\/wp-json\/wp\/v2\/media?parent=3123"}],"wp:term":[{"taxonomy":"product_brand","embeddable":true,"href":"https:\/\/sertec.pt\/es\/wp-json\/wp\/v2\/product_brand?post=3123"},{"taxonomy":"product_cat","embeddable":true,"href":"https:\/\/sertec.pt\/es\/wp-json\/wp\/v2\/product_cat?post=3123"},{"taxonomy":"product_tag","embeddable":true,"href":"https:\/\/sertec.pt\/es\/wp-json\/wp\/v2\/product_tag?post=3123"}],"curies":[{"name":"wp","href":"https:\/\/api.w.org\/{rel}","templated":true}]}}