{"id":3246,"date":"2025-07-08T16:00:29","date_gmt":"2025-07-08T15:00:29","guid":{"rendered":"https:\/\/sertec.pt\/servicios\/formacionion\/"},"modified":"2025-08-14T15:13:46","modified_gmt":"2025-08-14T14:13:46","slug":"formacionion","status":"publish","type":"page","link":"https:\/\/sertec.pt\/es\/servicios\/formacionion\/","title":{"rendered":"Formaci\u00f3n"},"content":{"rendered":"\t\t<div data-elementor-type=\"wp-page\" data-elementor-id=\"3246\" class=\"elementor elementor-3246 elementor-826\" data-elementor-post-type=\"page\">\n\t\t\t\t\t\t<section class=\"elementor-section elementor-top-section elementor-element elementor-element-4512a89 elementor-section-boxed elementor-section-height-default elementor-section-height-default\" data-id=\"4512a89\" data-element_type=\"section\" data-e-type=\"section\" data-settings=\"{&quot;background_background&quot;:&quot;classic&quot;}\">\n\t\t\t\t\t\t<div class=\"elementor-container elementor-column-gap-no\">\n\t\t\t\t\t<div class=\"elementor-column elementor-col-100 elementor-top-column elementor-element elementor-element-4b45652\" data-id=\"4b45652\" data-element_type=\"column\" data-e-type=\"column\">\n\t\t\t<div class=\"elementor-widget-wrap\">\n\t\t\t\t\t\t\t<\/div>\n\t\t<\/div>\n\t\t\t\t\t<\/div>\n\t\t<\/section>\n\t\t\t\t<section class=\"elementor-section elementor-top-section elementor-element elementor-element-a3941fc elementor-section-boxed elementor-section-height-default elementor-section-height-default\" data-id=\"a3941fc\" data-element_type=\"section\" data-e-type=\"section\">\n\t\t\t\t\t\t<div class=\"elementor-container elementor-column-gap-no\">\n\t\t\t\t\t<div class=\"elementor-column elementor-col-100 elementor-top-column elementor-element elementor-element-afa7daa\" data-id=\"afa7daa\" data-element_type=\"column\" data-e-type=\"column\">\n\t\t\t<div class=\"elementor-widget-wrap elementor-element-populated\">\n\t\t\t\t\t\t<div class=\"elementor-element elementor-element-467c9ca elementor-widget elementor-widget-heading\" data-id=\"467c9ca\" data-element_type=\"widget\" data-e-type=\"widget\" data-widget_type=\"heading.default\">\n\t\t\t\t<div class=\"elementor-widget-container\">\n\t\t\t\t\t<h1 class=\"elementor-heading-title elementor-size-default\">Forma\u00e7\u00e3o<\/h1>\t\t\t\t<\/div>\n\t\t\t\t<\/div>\n\t\t\t\t<div class=\"elementor-element elementor-element-c577ea3 elementor-widget elementor-widget-text-editor\" data-id=\"c577ea3\" data-element_type=\"widget\" data-e-type=\"widget\" data-widget_type=\"text-editor.default\">\n\t\t\t\t<div class=\"elementor-widget-container\">\n\t\t\t\t\t\t\t\t\t<p><strong>Aprenda con nosotros<\/strong><\/p>\n<p>Somos especialistas en formaci\u00f3n adaptada a la discapacidad visual.<\/p>\n<p><strong>Formaci\u00f3n en dispositivos Apple<\/strong><\/p>\n<p>Apple es la marca que ha cambiado el paradigma de la accesibilidad al incorporar a sus dispositivos numerosas funciones que antes no exist\u00edan o estaban disponibles por un precio muy elevado. \u2028Nuestro especialista en accesibilidad de Apple est\u00e1 siempre a tu disposici\u00f3n para ayudarte a configurar y utilizar tu iPhone, iPad o Macbook.<\/p>\n<p><strong>Clases particulares<\/strong><\/p>\n<p>Es la forma m\u00e1s eficaz de aprender. Con un formador solo para ti, se aprovecha todo el tiempo y aprendes en tu propio ordenador. Nuestro equipo de formadores tiene la experiencia y la sensibilidad necesarias para adaptar la formaci\u00f3n a sus necesidades.<\/p>\n<p><strong>Actividades de formaci\u00f3n<\/strong><\/p>\n<p>Planificamos y organizamos sesiones de formaci\u00f3n para grupos. Ya sea en una escuela, empresa u otra organizaci\u00f3n, p\u00f3ngase en contacto con nosotros.<\/p>\n<p><strong>P\u00f3ngase en contacto con nosotros:<\/strong><\/p>\n<p>Tel\u00e9fono: 219435183<\/p>\n<p>Correo electr\u00f3nico: info@sertec.pt<\/p>\n\t\t\t\t\t\t\t\t<\/div>\n\t\t\t\t<\/div>\n\t\t\t\t\t<\/div>\n\t\t<\/div>\n\t\t\t\t\t<\/div>\n\t\t<\/section>\n\t\t\t\t<\/div>\n\t\t","protected":false},"excerpt":{"rendered":"<p>Forma\u00e7\u00e3o Aprenda con nosotros Somos especialistas en formaci\u00f3n adaptada a la discapacidad visual. Formaci\u00f3n en dispositivos Apple Apple es la marca que ha cambiado el paradigma de la accesibilidad al incorporar a sus dispositivos numerosas funciones que antes no exist\u00edan o estaban disponibles por un precio muy elevado. \u2028Nuestro especialista en accesibilidad de Apple est\u00e1 [&hellip;]<\/p>\n","protected":false},"author":4,"featured_media":0,"parent":3184,"menu_order":0,"comment_status":"closed","ping_status":"closed","template":"","meta":{"_seopress_robots_primary_cat":"","_seopress_titles_title":"","_seopress_titles_desc":"","_seopress_robots_index":"","site-sidebar-layout":"no-sidebar","site-content-layout":"page-builder","ast-site-content-layout":"full-width-container","site-content-style":"default","site-sidebar-style":"default","ast-global-header-display":"","ast-banner-title-visibility":"","ast-main-header-display":"","ast-hfb-above-header-display":"","ast-hfb-below-header-display":"","ast-hfb-mobile-header-display":"","site-post-title":"","ast-breadcrumbs-content":"","ast-featured-img":"disabled","footer-sml-layout":"","ast-disable-related-posts":"","theme-transparent-header-meta":"default","adv-header-id-meta":"","stick-header-meta":"default","header-above-stick-meta":"","header-main-stick-meta":"","header-below-stick-meta":"","astra-migrate-meta-layouts":"default","ast-page-background-enabled":"default","ast-page-background-meta":{"desktop":{"background-color":"var(--ast-global-color-4)","background-image":"","background-repeat":"repeat","background-position":"center center","background-size":"auto","background-attachment":"scroll","background-type":"","background-media":"","overlay-type":"","overlay-color":"","overlay-opacity":"","overlay-gradient":""},"tablet":{"background-color":"","background-image":"","background-repeat":"repeat","background-position":"center center","background-size":"auto","background-attachment":"scroll","background-type":"","background-media":"","overlay-type":"","overlay-color":"","overlay-opacity":"","overlay-gradient":""},"mobile":{"background-color":"","background-image":"","background-repeat":"repeat","background-position":"center center","background-size":"auto","background-attachment":"scroll","background-type":"","background-media":"","overlay-type":"","overlay-color":"","overlay-opacity":"","overlay-gradient":""}},"ast-content-background-meta":{"desktop":{"background-color":"var(--ast-global-color-5)","background-image":"","background-repeat":"repeat","background-position":"center center","background-size":"auto","background-attachment":"scroll","background-type":"","background-media":"","overlay-type":"","overlay-color":"","overlay-opacity":"","overlay-gradient":""},"tablet":{"background-color":"var(--ast-global-color-5)","background-image":"","background-repeat":"repeat","background-position":"center center","background-size":"auto","background-attachment":"scroll","background-type":"","background-media":"","overlay-type":"","overlay-color":"","overlay-opacity":"","overlay-gradient":""},"mobile":{"background-color":"var(--ast-global-color-5)","background-image":"","background-repeat":"repeat","background-position":"center center","background-size":"auto","background-attachment":"scroll","background-type":"","background-media":"","overlay-type":"","overlay-color":"","overlay-opacity":"","overlay-gradient":""}},"footnotes":""},"class_list":["post-3246","page","type-page","status-publish","hentry"],"_links":{"self":[{"href":"https:\/\/sertec.pt\/es\/wp-json\/wp\/v2\/pages\/3246","targetHints":{"allow":["GET"]}}],"collection":[{"href":"https:\/\/sertec.pt\/es\/wp-json\/wp\/v2\/pages"}],"about":[{"href":"https:\/\/sertec.pt\/es\/wp-json\/wp\/v2\/types\/page"}],"author":[{"embeddable":true,"href":"https:\/\/sertec.pt\/es\/wp-json\/wp\/v2\/users\/4"}],"replies":[{"embeddable":true,"href":"https:\/\/sertec.pt\/es\/wp-json\/wp\/v2\/comments?post=3246"}],"version-history":[{"count":6,"href":"https:\/\/sertec.pt\/es\/wp-json\/wp\/v2\/pages\/3246\/revisions"}],"predecessor-version":[{"id":3403,"href":"https:\/\/sertec.pt\/es\/wp-json\/wp\/v2\/pages\/3246\/revisions\/3403"}],"up":[{"embeddable":true,"href":"https:\/\/sertec.pt\/es\/wp-json\/wp\/v2\/pages\/3184"}],"wp:attachment":[{"href":"https:\/\/sertec.pt\/es\/wp-json\/wp\/v2\/media?parent=3246"}],"curies":[{"name":"wp","href":"https:\/\/api.w.org\/{rel}","templated":true}]}}