{"id":3194,"date":"2025-07-07T21:58:17","date_gmt":"2025-07-07T20:58:17","guid":{"rendered":"https:\/\/sertec.pt\/vision\/"},"modified":"2025-08-12T11:52:53","modified_gmt":"2025-08-12T10:52:53","slug":"vision","status":"publish","type":"page","link":"https:\/\/sertec.pt\/es\/vision\/","title":{"rendered":"Visi\u00f3n"},"content":{"rendered":"\t\t<div data-elementor-type=\"wp-page\" data-elementor-id=\"3194\" class=\"elementor elementor-3194 elementor-167\" data-elementor-post-type=\"page\">\n\t\t\t\t\t\t<section class=\"elementor-section elementor-top-section elementor-element elementor-element-dd673d7 elementor-section-boxed elementor-section-height-default elementor-section-height-default\" data-id=\"dd673d7\" data-element_type=\"section\" data-e-type=\"section\" data-settings=\"{&quot;background_background&quot;:&quot;classic&quot;}\">\n\t\t\t\t\t\t<div class=\"elementor-container elementor-column-gap-no\">\n\t\t\t\t\t<div class=\"elementor-column elementor-col-100 elementor-top-column elementor-element elementor-element-8bea564\" data-id=\"8bea564\" data-element_type=\"column\" data-e-type=\"column\">\n\t\t\t<div class=\"elementor-widget-wrap\">\n\t\t\t\t\t\t\t<\/div>\n\t\t<\/div>\n\t\t\t\t\t<\/div>\n\t\t<\/section>\n\t\t\t\t<section class=\"elementor-section elementor-top-section elementor-element elementor-element-03e30d6 elementor-section-boxed elementor-section-height-default elementor-section-height-default\" data-id=\"03e30d6\" data-element_type=\"section\" data-e-type=\"section\">\n\t\t\t\t\t\t<div class=\"elementor-container elementor-column-gap-no\">\n\t\t\t\t\t<div class=\"elementor-column elementor-col-100 elementor-top-column elementor-element elementor-element-31f9174\" data-id=\"31f9174\" data-element_type=\"column\" data-e-type=\"column\">\n\t\t\t<div class=\"elementor-widget-wrap elementor-element-populated\">\n\t\t\t\t\t\t<div class=\"elementor-element elementor-element-588b8df elementor-widget elementor-widget-heading\" data-id=\"588b8df\" data-element_type=\"widget\" data-e-type=\"widget\" data-widget_type=\"heading.default\">\n\t\t\t\t<div class=\"elementor-widget-container\">\n\t\t\t\t\t<h1 class=\"elementor-heading-title elementor-size-default\">Visi\u00f3n<\/h1>\t\t\t\t<\/div>\n\t\t\t\t<\/div>\n\t\t\t\t<div class=\"elementor-element elementor-element-c6a9bcc elementor-widget elementor-widget-text-editor\" data-id=\"c6a9bcc\" data-element_type=\"widget\" data-e-type=\"widget\" data-widget_type=\"text-editor.default\">\n\t\t\t\t<div class=\"elementor-widget-container\">\n\t\t\t\t\t\t\t\t\tLa vista es quiz\u00e1 el sentido m\u00e1s poderoso que poseemos. La vista nos permite percibir r\u00e1pidamente nuestro entorno y detectar peligros.<br><br>Los problemas m\u00e1s comunes que afectan a la visi\u00f3n son los defectos de refracci\u00f3n: miop\u00eda, hipermetrop\u00eda y presbicia. Estas afecciones son muy comunes y suelen solucionarse con gafas.<br><br>Pero cuando la visi\u00f3n se ve comprometida incluso con gafas, estamos ante una situaci\u00f3n de baja visi\u00f3n.<br><br>Las causas de la baja visi\u00f3n son m\u00faltiples. <strong><a href=\"https:\/\/sertec.pt\/doencas-oculares\/\">He aqu\u00ed<\/a><\/strong> una descripci\u00f3n de las principales patolog\u00edas.<br><br>En Sertec tenemos 33 a\u00f1os de experiencia en el apoyo a la baja visi\u00f3n.<br><br>Todo empieza con una buena <a href=\"https:\/\/sertec.pt\/categoria-produto\/iluminacao\/\"><strong>iluminaci\u00f3n<\/strong><\/a>, \u00a1porque nuestros ojos funcionan con luz! Para muchas personas, el aumento es necesario para poder leer o ver una imagen. Para eso est\u00e1n nuestras <a href=\"https:\/\/sertec.pt\/categoria-produto\/lupas\/\"><strong>lupas<\/strong><\/a> y <a href=\"https:\/\/sertec.pt\/categoria-produto\/ampliadores\/\"><strong>magnificadores<\/strong><\/a>. Y si se trata de ordenadores, nuestro galardonado software <a href=\"https:\/\/sertec.pt\/categoria-produto\/software\/ampliacao-e-voz\/\"><strong>Supernova<\/strong><\/a> garantiza el acceso con aumento, voz y Braille.<br><br>Necesite lo que necesite, estamos aqu\u00ed para ayudarle.\t\t\t\t\t\t\t\t<\/div>\n\t\t\t\t<\/div>\n\t\t\t\t\t<\/div>\n\t\t<\/div>\n\t\t\t\t\t<\/div>\n\t\t<\/section>\n\t\t\t\t<\/div>\n\t\t","protected":false},"excerpt":{"rendered":"<p>Visi\u00f3n La vista es quiz\u00e1 el sentido m\u00e1s poderoso que poseemos. La vista nos permite percibir r\u00e1pidamente nuestro entorno y detectar peligros. Los problemas m\u00e1s comunes que afectan a la visi\u00f3n son los defectos de refracci\u00f3n: miop\u00eda, hipermetrop\u00eda y presbicia. Estas afecciones son muy comunes y suelen solucionarse con gafas. Pero cuando la visi\u00f3n se [&hellip;]<\/p>\n","protected":false},"author":4,"featured_media":0,"parent":0,"menu_order":0,"comment_status":"closed","ping_status":"closed","template":"","meta":{"_seopress_robots_primary_cat":"","_seopress_titles_title":"","_seopress_titles_desc":"","_seopress_robots_index":"","site-sidebar-layout":"no-sidebar","site-content-layout":"page-builder","ast-site-content-layout":"full-width-container","site-content-style":"unboxed","site-sidebar-style":"unboxed","ast-global-header-display":"","ast-banner-title-visibility":"","ast-main-header-display":"","ast-hfb-above-header-display":"","ast-hfb-below-header-display":"","ast-hfb-mobile-header-display":"","site-post-title":"","ast-breadcrumbs-content":"","ast-featured-img":"disabled","footer-sml-layout":"","ast-disable-related-posts":"","theme-transparent-header-meta":"default","adv-header-id-meta":"","stick-header-meta":"default","header-above-stick-meta":"","header-main-stick-meta":"","header-below-stick-meta":"","astra-migrate-meta-layouts":"default","ast-page-background-enabled":"default","ast-page-background-meta":{"desktop":{"background-color":"var(--ast-global-color-4)","background-image":"","background-repeat":"repeat","background-position":"center center","background-size":"auto","background-attachment":"scroll","background-type":"","background-media":"","overlay-type":"","overlay-color":"","overlay-opacity":"","overlay-gradient":""},"tablet":{"background-color":"","background-image":"","background-repeat":"repeat","background-position":"center center","background-size":"auto","background-attachment":"scroll","background-type":"","background-media":"","overlay-type":"","overlay-color":"","overlay-opacity":"","overlay-gradient":""},"mobile":{"background-color":"","background-image":"","background-repeat":"repeat","background-position":"center center","background-size":"auto","background-attachment":"scroll","background-type":"","background-media":"","overlay-type":"","overlay-color":"","overlay-opacity":"","overlay-gradient":""}},"ast-content-background-meta":{"desktop":{"background-color":"var(--ast-global-color-5)","background-image":"","background-repeat":"repeat","background-position":"center center","background-size":"auto","background-attachment":"scroll","background-type":"","background-media":"","overlay-type":"","overlay-color":"","overlay-opacity":"","overlay-gradient":""},"tablet":{"background-color":"var(--ast-global-color-5)","background-image":"","background-repeat":"repeat","background-position":"center center","background-size":"auto","background-attachment":"scroll","background-type":"","background-media":"","overlay-type":"","overlay-color":"","overlay-opacity":"","overlay-gradient":""},"mobile":{"background-color":"var(--ast-global-color-5)","background-image":"","background-repeat":"repeat","background-position":"center center","background-size":"auto","background-attachment":"scroll","background-type":"","background-media":"","overlay-type":"","overlay-color":"","overlay-opacity":"","overlay-gradient":""}},"footnotes":""},"class_list":["post-3194","page","type-page","status-publish","hentry"],"_links":{"self":[{"href":"https:\/\/sertec.pt\/es\/wp-json\/wp\/v2\/pages\/3194","targetHints":{"allow":["GET"]}}],"collection":[{"href":"https:\/\/sertec.pt\/es\/wp-json\/wp\/v2\/pages"}],"about":[{"href":"https:\/\/sertec.pt\/es\/wp-json\/wp\/v2\/types\/page"}],"author":[{"embeddable":true,"href":"https:\/\/sertec.pt\/es\/wp-json\/wp\/v2\/users\/4"}],"replies":[{"embeddable":true,"href":"https:\/\/sertec.pt\/es\/wp-json\/wp\/v2\/comments?post=3194"}],"version-history":[{"count":6,"href":"https:\/\/sertec.pt\/es\/wp-json\/wp\/v2\/pages\/3194\/revisions"}],"predecessor-version":[{"id":3366,"href":"https:\/\/sertec.pt\/es\/wp-json\/wp\/v2\/pages\/3194\/revisions\/3366"}],"wp:attachment":[{"href":"https:\/\/sertec.pt\/es\/wp-json\/wp\/v2\/media?parent=3194"}],"curies":[{"name":"wp","href":"https:\/\/api.w.org\/{rel}","templated":true}]}}