{"id":3181,"date":"2025-07-07T19:42:48","date_gmt":"2025-07-07T18:42:48","guid":{"rendered":"https:\/\/sertec.pt\/politica-de-cookies\/"},"modified":"2025-07-08T19:59:24","modified_gmt":"2025-07-08T18:59:24","slug":"politica-de-cookies","status":"publish","type":"page","link":"https:\/\/sertec.pt\/es\/politica-de-cookies\/","title":{"rendered":"Pol\u00edtica de cookies"},"content":{"rendered":"<p>Pol\u00edtica de cookies<br \/>\nEste sitio web utiliza cookies para mejorar su servicio.<\/p>\n<p>1. 1. \u00bfQu\u00e9 son las cookies?<br \/>\nLas cookies son peque\u00f1os archivos de texto que se almacenan en el ordenador del usuario cuando visita determinados sitios web. En algunos casos, se eliminan despu\u00e9s de esa visita. En otros casos, se conservan para visitas posteriores. El uso de cookies al acceder a sitios web es una pr\u00e1ctica habitual y los distintos navegadores permiten a cada usuario rechazar su uso, as\u00ed como eliminar las que ya han sido creadas.<\/p>\n<p>No debe continuar accediendo a nuestro sitio web tras la alerta de cookies si no est\u00e1 de acuerdo con su uso.<\/p>\n<p>2. \u00bfPara qu\u00e9 sirve aceptar cookies?<br \/>\nCuando visita este sitio web, registramos cierta informaci\u00f3n que almacenamos en su dispositivo. Algunas cookies pueden ser esenciales para garantizar las funcionalidades proporcionadas, mientras que otras est\u00e1n destinadas a mejorar el rendimiento y la experiencia del usuario.<\/p>\n<p>3. Aceptaci\u00f3n\/Rechazo de cookies<br \/>\nPuede elegir aceptar o rechazar la instalaci\u00f3n de cookies en su dispositivo en cualquier momento configurando el software de su navegador.<\/p>\n<p>3.1 Si acepta las cookies<br \/>\nEl registro de una cookie en su dispositivo depende de sus deseos. Puede cambiar su elecci\u00f3n en cualquier momento utilizando las opciones proporcionadas por el software<\/p>\n<p>Si en el software de navegaci\u00f3n que utiliza ha aceptado que se guarden cookies en su dispositivo, las cookies integradas en las p\u00e1ginas y contenidos que haya consultado podr\u00e1n almacenarse temporalmente en un espacio espec\u00edfico de su dispositivo.<\/p>\n<p>3.2 Si rechaza las cookies<br \/>\nCuando rechaza las cookies, s\u00f3lo depositamos una cookie de \u00abrechazo\u00bb. Esta cookie nos permite memorizar su elecci\u00f3n para evitar preguntarle en cada visita si desea aceptar o rechazar las cookies.<\/p>\n<p>4. Gesti\u00f3n de las cookies en los distintos navegadores<br \/>\nPara desactivar las cookies en su navegador, puede consultar los enlaces que figuran a continuaci\u00f3n. Teniendo en cuenta el gran n\u00famero de navegadores y sus versiones, estas instrucciones no son exhaustivas.<\/p>\n<p>Firefox: Protecci\u00f3n de rastreo mejorada<\/p>\n<p>Chrome: Borrar, habilitar y gestionar cookies en Chrome<\/p>\n<p>Internet Explorer: Borrar y gestionar las cookies<\/p>\n<p>5. Actualizaci\u00f3n del Aviso Legal<br \/>\nNos reservamos el derecho a realizar cualquier cambio o correcci\u00f3n en este aviso sobre cookies. Por favor, consulte esta p\u00e1gina regularmente para revisar la informaci\u00f3n y comprobar si hay alguna actualizaci\u00f3n.<\/p>\n<p>Este aviso se actualiz\u00f3 el 1 de noviembre de 2021<\/p>\n<p>de su navegador.<\/p>\n<p>&nbsp;<\/p>\n<p>&nbsp;<\/p>\n","protected":false},"excerpt":{"rendered":"<p>Pol\u00edtica de cookies Este sitio web utiliza cookies para mejorar su servicio. 1. 1. \u00bfQu\u00e9 son las cookies? Las cookies son peque\u00f1os archivos de texto que se almacenan en el ordenador del usuario cuando visita determinados sitios web. En algunos casos, se eliminan despu\u00e9s de esa visita. En otros casos, se conservan para visitas posteriores. [&hellip;]<\/p>\n","protected":false},"author":4,"featured_media":0,"parent":0,"menu_order":0,"comment_status":"closed","ping_status":"closed","template":"","meta":{"_seopress_robots_primary_cat":"","_seopress_titles_title":"","_seopress_titles_desc":"","_seopress_robots_index":"","site-sidebar-layout":"default","site-content-layout":"default","ast-site-content-layout":"default","site-content-style":"default","site-sidebar-style":"default","ast-global-header-display":"","ast-banner-title-visibility":"","ast-main-header-display":"","ast-hfb-above-header-display":"","ast-hfb-below-header-display":"","ast-hfb-mobile-header-display":"","site-post-title":"","ast-breadcrumbs-content":"","ast-featured-img":"","footer-sml-layout":"","ast-disable-related-posts":"","theme-transparent-header-meta":"default","adv-header-id-meta":"","stick-header-meta":"","header-above-stick-meta":"","header-main-stick-meta":"","header-below-stick-meta":"","astra-migrate-meta-layouts":"default","ast-page-background-enabled":"default","ast-page-background-meta":{"desktop":{"background-color":"var(--ast-global-color-4)","background-image":"","background-repeat":"repeat","background-position":"center center","background-size":"auto","background-attachment":"scroll","background-type":"","background-media":"","overlay-type":"","overlay-color":"","overlay-opacity":"","overlay-gradient":""},"tablet":{"background-color":"","background-image":"","background-repeat":"repeat","background-position":"center center","background-size":"auto","background-attachment":"scroll","background-type":"","background-media":"","overlay-type":"","overlay-color":"","overlay-opacity":"","overlay-gradient":""},"mobile":{"background-color":"","background-image":"","background-repeat":"repeat","background-position":"center center","background-size":"auto","background-attachment":"scroll","background-type":"","background-media":"","overlay-type":"","overlay-color":"","overlay-opacity":"","overlay-gradient":""}},"ast-content-background-meta":{"desktop":{"background-color":"var(--ast-global-color-5)","background-image":"","background-repeat":"repeat","background-position":"center center","background-size":"auto","background-attachment":"scroll","background-type":"","background-media":"","overlay-type":"","overlay-color":"","overlay-opacity":"","overlay-gradient":""},"tablet":{"background-color":"var(--ast-global-color-5)","background-image":"","background-repeat":"repeat","background-position":"center center","background-size":"auto","background-attachment":"scroll","background-type":"","background-media":"","overlay-type":"","overlay-color":"","overlay-opacity":"","overlay-gradient":""},"mobile":{"background-color":"var(--ast-global-color-5)","background-image":"","background-repeat":"repeat","background-position":"center center","background-size":"auto","background-attachment":"scroll","background-type":"","background-media":"","overlay-type":"","overlay-color":"","overlay-opacity":"","overlay-gradient":""}},"footnotes":""},"class_list":["post-3181","page","type-page","status-publish","hentry"],"_links":{"self":[{"href":"https:\/\/sertec.pt\/es\/wp-json\/wp\/v2\/pages\/3181","targetHints":{"allow":["GET"]}}],"collection":[{"href":"https:\/\/sertec.pt\/es\/wp-json\/wp\/v2\/pages"}],"about":[{"href":"https:\/\/sertec.pt\/es\/wp-json\/wp\/v2\/types\/page"}],"author":[{"embeddable":true,"href":"https:\/\/sertec.pt\/es\/wp-json\/wp\/v2\/users\/4"}],"replies":[{"embeddable":true,"href":"https:\/\/sertec.pt\/es\/wp-json\/wp\/v2\/comments?post=3181"}],"version-history":[{"count":1,"href":"https:\/\/sertec.pt\/es\/wp-json\/wp\/v2\/pages\/3181\/revisions"}],"predecessor-version":[{"id":3306,"href":"https:\/\/sertec.pt\/es\/wp-json\/wp\/v2\/pages\/3181\/revisions\/3306"}],"wp:attachment":[{"href":"https:\/\/sertec.pt\/es\/wp-json\/wp\/v2\/media?parent=3181"}],"curies":[{"name":"wp","href":"https:\/\/api.w.org\/{rel}","templated":true}]}}