{"id":3161,"date":"2025-07-07T15:31:32","date_gmt":"2025-07-07T14:31:32","guid":{"rendered":"https:\/\/sertec.pt\/declaracao-de-privacidade\/"},"modified":"2025-08-14T11:55:02","modified_gmt":"2025-08-14T10:55:02","slug":"declaracao-de-privacidade","status":"publish","type":"page","link":"https:\/\/sertec.pt\/es\/declaracao-de-privacidade\/","title":{"rendered":"Declara\u00e7\u00e3o de Privacidade"},"content":{"rendered":"\t\t<div data-elementor-type=\"wp-page\" data-elementor-id=\"3161\" class=\"elementor elementor-3161 elementor-121\" data-elementor-post-type=\"page\">\n\t\t\t\t\t\t<section class=\"elementor-section elementor-top-section elementor-element elementor-element-71d3a6a elementor-section-boxed elementor-section-height-default elementor-section-height-default\" data-id=\"71d3a6a\" data-element_type=\"section\" data-e-type=\"section\">\n\t\t\t\t\t\t<div class=\"elementor-container elementor-column-gap-no\">\n\t\t\t\t\t<div class=\"elementor-column elementor-col-100 elementor-top-column elementor-element elementor-element-ed406c7\" data-id=\"ed406c7\" data-element_type=\"column\" data-e-type=\"column\">\n\t\t\t<div class=\"elementor-widget-wrap elementor-element-populated\">\n\t\t\t\t\t\t<div class=\"elementor-element elementor-element-cf0533b elementor-widget elementor-widget-heading\" data-id=\"cf0533b\" data-element_type=\"widget\" data-e-type=\"widget\" data-widget_type=\"heading.default\">\n\t\t\t\t<div class=\"elementor-widget-container\">\n\t\t\t\t\t<h1 class=\"elementor-heading-title elementor-size-default\">Declara\u00e7\u00e3o de Privacidade<\/h1>\t\t\t\t<\/div>\n\t\t\t\t<\/div>\n\t\t\t\t<div class=\"elementor-element elementor-element-ac24707 elementor-widget elementor-widget-text-editor\" data-id=\"ac24707\" data-element_type=\"widget\" data-e-type=\"widget\" data-widget_type=\"text-editor.default\">\n\t\t\t\t<div class=\"elementor-widget-container\">\n\t\t\t\t\t\t\t\t\t<p><strong>Pol\u00edtica general de seguridad y privacidad<\/strong><\/p>\n<p>La protecci\u00f3n de la privacidad y los datos personales es una prioridad para Electrosertec (en adelante, Sertec) y un compromiso claro que hemos asumido.<\/p>\n<p>Esta pol\u00edtica se refiere a las pr\u00e1cticas de privacidad en el \u00e1mbito de la actividad realizada por Sertec, incluyendo los sitios web, redes sociales y otros servicios gestionados por esta empresa. Los datos personales que nos facilite durante la interacci\u00f3n con los distintos servicios ser\u00e1n tratados con las garant\u00edas de seguridad y confidencialidad exigidas por el marco legal relativo a la protecci\u00f3n de datos personales.<\/p>\n<p>Sertec no cede ni vende datos personales a terceros.<\/p>\n<p>Los sitios web bajo la responsabilidad de Sertec, en el \u00e1mbito de los servicios prestados, contienen enlaces a otros sitios web bajo la responsabilidad de terceros. La pol\u00edtica de privacidad de Sertec se aplica exclusivamente a los sitios web y servicios bajo su responsabilidad. Cuando acceda a sitios web de otras entidades, aunque sea desde los sitios web bajo la responsabilidad de Sertec, deber\u00e1 leer las respectivas pol\u00edticas de privacidad.<\/p>\n<p>El acceso y el uso de los servicios y sitios web bajo la responsabilidad de Sertec deben ser libres por parte del usuario, suponiendo Sertec que este ha le\u00eddo, comprendido y aceptado los T\u00e9rminos y Condiciones de su uso.<\/p>\n<p>Cualquier intento de alterar la informaci\u00f3n, o cualquier otra acci\u00f3n que pueda causar da\u00f1os y poner en riesgo la integridad del sistema, est\u00e1 estrictamente prohibido de acuerdo con la legislaci\u00f3n vigente. El usuario se compromete a cumplir escrupulosamente la legislaci\u00f3n aplicable, en particular en materia de delitos inform\u00e1ticos y derechos de propiedad intelectual, siendo el \u00fanico responsable del incumplimiento de estas normas.<\/p>\n<p><strong>Responsable de protecci\u00f3n de datos<\/strong><\/p>\n<p>Sertec ha designado a un responsable de protecci\u00f3n de datos con quien se puede contactar a trav\u00e9s de la direcci\u00f3n de correo electr\u00f3nico <a href=\"mailto:info@sertec.pt\">info@sertec.pt<\/a> o por carta certificada con acuse de recibo a Rua Bar\u00e3o de Sabrosa, 165-B, 1900-088 Lisboa.<\/p>\n<p><strong>Privacidad<\/strong><\/p>\n<p>Sertec respeta su derecho a la privacidad. Los datos solicitados se destinan a la prestaci\u00f3n del servicio que usted ha solicitado y al cumplimiento de obligaciones legales, no recopil\u00e1ndose datos personales que no sean necesarios para la prestaci\u00f3n del servicio o sin su consentimiento.<\/p>\n\t\t\t\t\t\t\t\t<\/div>\n\t\t\t\t<\/div>\n\t\t\t\t\t<\/div>\n\t\t<\/div>\n\t\t\t\t\t<\/div>\n\t\t<\/section>\n\t\t\t\t<\/div>\n\t\t","protected":false},"excerpt":{"rendered":"<p>Declara\u00e7\u00e3o de Privacidade Pol\u00edtica general de seguridad y privacidad La protecci\u00f3n de la privacidad y los datos personales es una prioridad para Electrosertec (en adelante, Sertec) y un compromiso claro que hemos asumido. Esta pol\u00edtica se refiere a las pr\u00e1cticas de privacidad en el \u00e1mbito de la actividad realizada por Sertec, incluyendo los sitios web, [&hellip;]<\/p>\n","protected":false},"author":4,"featured_media":0,"parent":0,"menu_order":0,"comment_status":"closed","ping_status":"closed","template":"","meta":{"_seopress_robots_primary_cat":"","_seopress_titles_title":"","_seopress_titles_desc":"","_seopress_robots_index":"","site-sidebar-layout":"no-sidebar","site-content-layout":"page-builder","ast-site-content-layout":"full-width-container","site-content-style":"default","site-sidebar-style":"default","ast-global-header-display":"","ast-banner-title-visibility":"","ast-main-header-display":"","ast-hfb-above-header-display":"","ast-hfb-below-header-display":"","ast-hfb-mobile-header-display":"","site-post-title":"disabled","ast-breadcrumbs-content":"","ast-featured-img":"disabled","footer-sml-layout":"","ast-disable-related-posts":"","theme-transparent-header-meta":"default","adv-header-id-meta":"","stick-header-meta":"","header-above-stick-meta":"","header-main-stick-meta":"","header-below-stick-meta":"","astra-migrate-meta-layouts":"default","ast-page-background-enabled":"default","ast-page-background-meta":{"desktop":{"background-color":"var(--ast-global-color-4)","background-image":"","background-repeat":"repeat","background-position":"center center","background-size":"auto","background-attachment":"scroll","background-type":"","background-media":"","overlay-type":"","overlay-color":"","overlay-opacity":"","overlay-gradient":""},"tablet":{"background-color":"","background-image":"","background-repeat":"repeat","background-position":"center center","background-size":"auto","background-attachment":"scroll","background-type":"","background-media":"","overlay-type":"","overlay-color":"","overlay-opacity":"","overlay-gradient":""},"mobile":{"background-color":"","background-image":"","background-repeat":"repeat","background-position":"center center","background-size":"auto","background-attachment":"scroll","background-type":"","background-media":"","overlay-type":"","overlay-color":"","overlay-opacity":"","overlay-gradient":""}},"ast-content-background-meta":{"desktop":{"background-color":"var(--ast-global-color-5)","background-image":"","background-repeat":"repeat","background-position":"center center","background-size":"auto","background-attachment":"scroll","background-type":"","background-media":"","overlay-type":"","overlay-color":"","overlay-opacity":"","overlay-gradient":""},"tablet":{"background-color":"var(--ast-global-color-5)","background-image":"","background-repeat":"repeat","background-position":"center center","background-size":"auto","background-attachment":"scroll","background-type":"","background-media":"","overlay-type":"","overlay-color":"","overlay-opacity":"","overlay-gradient":""},"mobile":{"background-color":"var(--ast-global-color-5)","background-image":"","background-repeat":"repeat","background-position":"center center","background-size":"auto","background-attachment":"scroll","background-type":"","background-media":"","overlay-type":"","overlay-color":"","overlay-opacity":"","overlay-gradient":""}},"footnotes":""},"class_list":["post-3161","page","type-page","status-publish","hentry"],"_links":{"self":[{"href":"https:\/\/sertec.pt\/es\/wp-json\/wp\/v2\/pages\/3161","targetHints":{"allow":["GET"]}}],"collection":[{"href":"https:\/\/sertec.pt\/es\/wp-json\/wp\/v2\/pages"}],"about":[{"href":"https:\/\/sertec.pt\/es\/wp-json\/wp\/v2\/types\/page"}],"author":[{"embeddable":true,"href":"https:\/\/sertec.pt\/es\/wp-json\/wp\/v2\/users\/4"}],"replies":[{"embeddable":true,"href":"https:\/\/sertec.pt\/es\/wp-json\/wp\/v2\/comments?post=3161"}],"version-history":[{"count":3,"href":"https:\/\/sertec.pt\/es\/wp-json\/wp\/v2\/pages\/3161\/revisions"}],"predecessor-version":[{"id":3372,"href":"https:\/\/sertec.pt\/es\/wp-json\/wp\/v2\/pages\/3161\/revisions\/3372"}],"wp:attachment":[{"href":"https:\/\/sertec.pt\/es\/wp-json\/wp\/v2\/media?parent=3161"}],"curies":[{"name":"wp","href":"https:\/\/api.w.org\/{rel}","templated":true}]}}