{"id":3155,"date":"2025-07-07T15:06:41","date_gmt":"2025-07-07T14:06:41","guid":{"rendered":"https:\/\/sertec.pt\/condiciones-de-venta\/"},"modified":"2025-07-08T19:57:51","modified_gmt":"2025-07-08T18:57:51","slug":"condiciones-de-venta","status":"publish","type":"page","link":"https:\/\/sertec.pt\/es\/condiciones-de-venta\/","title":{"rendered":"Condiciones de Venta"},"content":{"rendered":"\t\t<div data-elementor-type=\"wp-page\" data-elementor-id=\"3155\" class=\"elementor elementor-3155 elementor-1326\" data-elementor-post-type=\"page\">\n\t\t\t\t\t\t<section class=\"elementor-section elementor-top-section elementor-element elementor-element-0da3a83 elementor-section-boxed elementor-section-height-default elementor-section-height-default\" data-id=\"0da3a83\" data-element_type=\"section\" data-e-type=\"section\">\n\t\t\t\t\t\t<div class=\"elementor-container elementor-column-gap-no\">\n\t\t\t\t\t<div class=\"elementor-column elementor-col-100 elementor-top-column elementor-element elementor-element-26bcd73\" data-id=\"26bcd73\" data-element_type=\"column\" data-e-type=\"column\">\n\t\t\t<div class=\"elementor-widget-wrap elementor-element-populated\">\n\t\t\t\t\t\t<div class=\"elementor-element elementor-element-e9813fa elementor-widget elementor-widget-heading\" data-id=\"e9813fa\" data-element_type=\"widget\" data-e-type=\"widget\" data-widget_type=\"heading.default\">\n\t\t\t\t<div class=\"elementor-widget-container\">\n\t\t\t\t\t<h1 class=\"elementor-heading-title elementor-size-default\">Condiciones de Venta<\/h1>\t\t\t\t<\/div>\n\t\t\t\t<\/div>\n\t\t\t\t<div class=\"elementor-element elementor-element-0ee6f00 elementor-widget elementor-widget-text-editor\" data-id=\"0ee6f00\" data-element_type=\"widget\" data-e-type=\"widget\" data-widget_type=\"text-editor.default\">\n\t\t\t\t<div class=\"elementor-widget-container\">\n\t\t\t\t\t\t\t\t\t<p>Lea atentamente estas condiciones generales de venta. La aceptaci\u00f3n de presupuestos o la realizaci\u00f3n de una compra presuponen su pleno conocimiento y aceptaci\u00f3n.<\/p>\n<p>Identificaci\u00f3n de la Empresa: Electrosertec &#8211; Electr\u00f3nica e Servi\u00e7os T\u00e9cnicos. Lda. NIF 502478519, en adelante denominada \u00abSertec\u00bb.<\/p>\n<p>1 &#8211; Pedido de Or\u00e7amento<\/p>\n<p>&#8211; Las solicitudes de presupuesto pueden realizarse a trav\u00e9s de un formulario en l\u00ednea, correo electr\u00f3nico, tel\u00e9fono o carta, y se responder\u00e1n por orden de llegada.<br \/>&#8211; Los presupuestos se env\u00edan por correo electr\u00f3nico o por carta, dependiendo del medio utilizado para la Orden de Compra o por el medio indicado por el Cliente.<\/p>\n<p>2 &#8211; Pedidos<\/p>\n<p>&#8211; Los pedidos pueden realizarse en l\u00ednea o por correo electr\u00f3nico, tel\u00e9fono o carta.<br \/>&#8211; Los pedidos se confirman por correo electr\u00f3nico con una descripci\u00f3n de los productos solicitados y un plazo de entrega estimado. En caso de ruptura de existencias, el cliente ser\u00e1 informado del plazo de reposici\u00f3n y podr\u00e1 decidir mantener o anular el pedido.<br \/>&#8211; La direcci\u00f3n de entrega debe ir acompa\u00f1ada de un n\u00famero de tel\u00e9fono de contacto para garantizar un medio alternativo de comunicaci\u00f3n con el cliente.<br \/>&#8211; Las entregas no realizadas por el transportista debido a la ausencia del cliente o a una direcci\u00f3n incorrecta pueden estar sujetas a un cargo adicional por reenv\u00edo, dependiendo de la pol\u00edtica de cada transportista.<br \/>-Los productos se entregan con el Albar\u00e1n de Entrega y\/o Factura.<\/p>\n<p>3 &#8211; Pagos<\/p>\n<p>Los pedidos online se pagan siempre por adelantado utilizando los m\u00e9todos de pago disponibles en la tienda online. Los pedidos realizados por otros medios se pagan al contado o seg\u00fan condiciones previamente negociadas.<\/p>\n<p>Forma de pago existente<\/p>\n\t\t\t\t\t\t\t\t<\/div>\n\t\t\t\t<\/div>\n\t\t\t\t\t<\/div>\n\t\t<\/div>\n\t\t\t\t\t<\/div>\n\t\t<\/section>\n\t\t\t\t<\/div>\n\t\t","protected":false},"excerpt":{"rendered":"<p>Condiciones de Venta Lea atentamente estas condiciones generales de venta. La aceptaci\u00f3n de presupuestos o la realizaci\u00f3n de una compra presuponen su pleno conocimiento y aceptaci\u00f3n. Identificaci\u00f3n de la Empresa: Electrosertec &#8211; Electr\u00f3nica e Servi\u00e7os T\u00e9cnicos. Lda. NIF 502478519, en adelante denominada \u00abSertec\u00bb. 1 &#8211; Pedido de Or\u00e7amento &#8211; Las solicitudes de presupuesto pueden realizarse [&hellip;]<\/p>\n","protected":false},"author":4,"featured_media":0,"parent":0,"menu_order":0,"comment_status":"closed","ping_status":"closed","template":"","meta":{"_seopress_robots_primary_cat":"","_seopress_titles_title":"","_seopress_titles_desc":"","_seopress_robots_index":"","site-sidebar-layout":"no-sidebar","site-content-layout":"page-builder","ast-site-content-layout":"full-width-container","site-content-style":"default","site-sidebar-style":"default","ast-global-header-display":"","ast-banner-title-visibility":"","ast-main-header-display":"","ast-hfb-above-header-display":"","ast-hfb-below-header-display":"","ast-hfb-mobile-header-display":"","site-post-title":"disabled","ast-breadcrumbs-content":"","ast-featured-img":"disabled","footer-sml-layout":"","ast-disable-related-posts":"","theme-transparent-header-meta":"default","adv-header-id-meta":"","stick-header-meta":"default","header-above-stick-meta":"","header-main-stick-meta":"","header-below-stick-meta":"","astra-migrate-meta-layouts":"default","ast-page-background-enabled":"default","ast-page-background-meta":{"desktop":{"background-color":"var(--ast-global-color-4)","background-image":"","background-repeat":"repeat","background-position":"center center","background-size":"auto","background-attachment":"scroll","background-type":"","background-media":"","overlay-type":"","overlay-color":"","overlay-opacity":"","overlay-gradient":""},"tablet":{"background-color":"","background-image":"","background-repeat":"repeat","background-position":"center center","background-size":"auto","background-attachment":"scroll","background-type":"","background-media":"","overlay-type":"","overlay-color":"","overlay-opacity":"","overlay-gradient":""},"mobile":{"background-color":"","background-image":"","background-repeat":"repeat","background-position":"center center","background-size":"auto","background-attachment":"scroll","background-type":"","background-media":"","overlay-type":"","overlay-color":"","overlay-opacity":"","overlay-gradient":""}},"ast-content-background-meta":{"desktop":{"background-color":"var(--ast-global-color-5)","background-image":"","background-repeat":"repeat","background-position":"center center","background-size":"auto","background-attachment":"scroll","background-type":"","background-media":"","overlay-type":"","overlay-color":"","overlay-opacity":"","overlay-gradient":""},"tablet":{"background-color":"var(--ast-global-color-5)","background-image":"","background-repeat":"repeat","background-position":"center center","background-size":"auto","background-attachment":"scroll","background-type":"","background-media":"","overlay-type":"","overlay-color":"","overlay-opacity":"","overlay-gradient":""},"mobile":{"background-color":"var(--ast-global-color-5)","background-image":"","background-repeat":"repeat","background-position":"center center","background-size":"auto","background-attachment":"scroll","background-type":"","background-media":"","overlay-type":"","overlay-color":"","overlay-opacity":"","overlay-gradient":""}},"footnotes":""},"class_list":["post-3155","page","type-page","status-publish","hentry"],"_links":{"self":[{"href":"https:\/\/sertec.pt\/es\/wp-json\/wp\/v2\/pages\/3155","targetHints":{"allow":["GET"]}}],"collection":[{"href":"https:\/\/sertec.pt\/es\/wp-json\/wp\/v2\/pages"}],"about":[{"href":"https:\/\/sertec.pt\/es\/wp-json\/wp\/v2\/types\/page"}],"author":[{"embeddable":true,"href":"https:\/\/sertec.pt\/es\/wp-json\/wp\/v2\/users\/4"}],"replies":[{"embeddable":true,"href":"https:\/\/sertec.pt\/es\/wp-json\/wp\/v2\/comments?post=3155"}],"version-history":[{"count":3,"href":"https:\/\/sertec.pt\/es\/wp-json\/wp\/v2\/pages\/3155\/revisions"}],"predecessor-version":[{"id":3303,"href":"https:\/\/sertec.pt\/es\/wp-json\/wp\/v2\/pages\/3155\/revisions\/3303"}],"wp:attachment":[{"href":"https:\/\/sertec.pt\/es\/wp-json\/wp\/v2\/media?parent=3155"}],"curies":[{"name":"wp","href":"https:\/\/api.w.org\/{rel}","templated":true}]}}