{"id":3140,"date":"2025-07-07T14:23:47","date_gmt":"2025-07-07T13:23:47","guid":{"rendered":"https:\/\/sertec.pt\/audicion\/"},"modified":"2025-08-18T11:11:24","modified_gmt":"2025-08-18T10:11:24","slug":"audicion","status":"publish","type":"page","link":"https:\/\/sertec.pt\/es\/audicion\/","title":{"rendered":"Audici\u00f3n"},"content":{"rendered":"\t\t<div data-elementor-type=\"wp-page\" data-elementor-id=\"3140\" class=\"elementor elementor-3140 elementor-194\" data-elementor-post-type=\"page\">\n\t\t\t\t\t\t<section class=\"elementor-section elementor-top-section elementor-element elementor-element-518f096 elementor-section-boxed elementor-section-height-default elementor-section-height-default\" data-id=\"518f096\" data-element_type=\"section\" data-e-type=\"section\" data-settings=\"{&quot;background_background&quot;:&quot;classic&quot;}\">\n\t\t\t\t\t\t<div class=\"elementor-container elementor-column-gap-no\">\n\t\t\t\t\t<div class=\"elementor-column elementor-col-100 elementor-top-column elementor-element elementor-element-fb6e8d1\" data-id=\"fb6e8d1\" data-element_type=\"column\" data-e-type=\"column\">\n\t\t\t<div class=\"elementor-widget-wrap\">\n\t\t\t\t\t\t\t<\/div>\n\t\t<\/div>\n\t\t\t\t\t<\/div>\n\t\t<\/section>\n\t\t\t\t<section class=\"elementor-section elementor-top-section elementor-element elementor-element-815a6e8 elementor-section-boxed elementor-section-height-default elementor-section-height-default\" data-id=\"815a6e8\" data-element_type=\"section\" data-e-type=\"section\">\n\t\t\t\t\t\t<div class=\"elementor-container elementor-column-gap-no\">\n\t\t\t\t\t<div class=\"elementor-column elementor-col-100 elementor-top-column elementor-element elementor-element-62553e2\" data-id=\"62553e2\" data-element_type=\"column\" data-e-type=\"column\">\n\t\t\t<div class=\"elementor-widget-wrap elementor-element-populated\">\n\t\t\t\t\t\t<div class=\"elementor-element elementor-element-1d84c5e elementor-widget elementor-widget-heading\" data-id=\"1d84c5e\" data-element_type=\"widget\" data-e-type=\"widget\" data-widget_type=\"heading.default\">\n\t\t\t\t<div class=\"elementor-widget-container\">\n\t\t\t\t\t<h1 class=\"elementor-heading-title elementor-size-default\">Audici\u00f3n<\/h1>\t\t\t\t<\/div>\n\t\t\t\t<\/div>\n\t\t\t\t<div class=\"elementor-element elementor-element-ef91069 elementor-widget elementor-widget-text-editor\" data-id=\"ef91069\" data-element_type=\"widget\" data-e-type=\"widget\" data-widget_type=\"text-editor.default\">\n\t\t\t\t<div class=\"elementor-widget-container\">\n\t\t\t\t\t\t\t\t\t<p>La OMS estima que m\u00e1s de 1500 millones de personas en todo el mundo sufren alg\u00fan tipo de p\u00e9rdida auditiva. De ellas, al menos 430 millones necesitan rehabilitaci\u00f3n o pr\u00f3tesis auditivas.<\/p>\n<p>Son cifras preocupantes que deber\u00edan alertarnos sobre la necesidad de proteger nuestros o\u00eddos de las agresiones sonoras. En un mundo tan tecnol\u00f3gico como el nuestro, estas son innumerables: el tr\u00e1fico, la m\u00fasica amplificada, las obras y muchas otras.<\/p>\n<p>En Sertec no vendemos aud\u00edfonos, pero disponemos de soluciones complementarias que contribuyen a una mejor calidad de vida para quienes no oyen bien.<\/p>\n<p>Los <b>bucles magn\u00e9ticos<\/b> son dispositivos que se instalan en puntos de atenci\u00f3n al p\u00fablico o salas de reuniones y que mejoran el sonido que se recibe en los aud\u00edfonos.<\/p>\n<p>Las <b>alarmas<\/b> vibratorias y luminosas ofrecen una mayor seguridad en situaciones de emergencia, ya que una persona sorda o con p\u00e9rdida auditiva puede no o\u00edr una alarma sonora convencional.<\/p>\n<p>Si no encuentras lo que necesitas, no dudes en <b>contactar con nosotros<\/b>.<\/p>\n\t\t\t\t\t\t\t\t<\/div>\n\t\t\t\t<\/div>\n\t\t\t\t\t<\/div>\n\t\t<\/div>\n\t\t\t\t\t<\/div>\n\t\t<\/section>\n\t\t\t\t<\/div>\n\t\t","protected":false},"excerpt":{"rendered":"<p>Audici\u00f3n La OMS estima que m\u00e1s de 1500 millones de personas en todo el mundo sufren alg\u00fan tipo de p\u00e9rdida auditiva. De ellas, al menos 430 millones necesitan rehabilitaci\u00f3n o pr\u00f3tesis auditivas. Son cifras preocupantes que deber\u00edan alertarnos sobre la necesidad de proteger nuestros o\u00eddos de las agresiones sonoras. En un mundo tan tecnol\u00f3gico como [&hellip;]<\/p>\n","protected":false},"author":4,"featured_media":0,"parent":0,"menu_order":0,"comment_status":"closed","ping_status":"closed","template":"","meta":{"_seopress_robots_primary_cat":"","_seopress_titles_title":"","_seopress_titles_desc":"","_seopress_robots_index":"","site-sidebar-layout":"no-sidebar","site-content-layout":"page-builder","ast-site-content-layout":"default","site-content-style":"default","site-sidebar-style":"default","ast-global-header-display":"","ast-banner-title-visibility":"","ast-main-header-display":"","ast-hfb-above-header-display":"","ast-hfb-below-header-display":"","ast-hfb-mobile-header-display":"","site-post-title":"disabled","ast-breadcrumbs-content":"","ast-featured-img":"disabled","footer-sml-layout":"","ast-disable-related-posts":"","theme-transparent-header-meta":"default","adv-header-id-meta":"","stick-header-meta":"","header-above-stick-meta":"","header-main-stick-meta":"","header-below-stick-meta":"","astra-migrate-meta-layouts":"default","ast-page-background-enabled":"default","ast-page-background-meta":{"desktop":{"background-color":"var(--ast-global-color-4)","background-image":"","background-repeat":"repeat","background-position":"center center","background-size":"auto","background-attachment":"scroll","background-type":"","background-media":"","overlay-type":"","overlay-color":"","overlay-opacity":"","overlay-gradient":""},"tablet":{"background-color":"","background-image":"","background-repeat":"repeat","background-position":"center center","background-size":"auto","background-attachment":"scroll","background-type":"","background-media":"","overlay-type":"","overlay-color":"","overlay-opacity":"","overlay-gradient":""},"mobile":{"background-color":"","background-image":"","background-repeat":"repeat","background-position":"center center","background-size":"auto","background-attachment":"scroll","background-type":"","background-media":"","overlay-type":"","overlay-color":"","overlay-opacity":"","overlay-gradient":""}},"ast-content-background-meta":{"desktop":{"background-color":"var(--ast-global-color-5)","background-image":"","background-repeat":"repeat","background-position":"center center","background-size":"auto","background-attachment":"scroll","background-type":"","background-media":"","overlay-type":"","overlay-color":"","overlay-opacity":"","overlay-gradient":""},"tablet":{"background-color":"var(--ast-global-color-5)","background-image":"","background-repeat":"repeat","background-position":"center center","background-size":"auto","background-attachment":"scroll","background-type":"","background-media":"","overlay-type":"","overlay-color":"","overlay-opacity":"","overlay-gradient":""},"mobile":{"background-color":"var(--ast-global-color-5)","background-image":"","background-repeat":"repeat","background-position":"center center","background-size":"auto","background-attachment":"scroll","background-type":"","background-media":"","overlay-type":"","overlay-color":"","overlay-opacity":"","overlay-gradient":""}},"footnotes":""},"class_list":["post-3140","page","type-page","status-publish","hentry"],"_links":{"self":[{"href":"https:\/\/sertec.pt\/es\/wp-json\/wp\/v2\/pages\/3140","targetHints":{"allow":["GET"]}}],"collection":[{"href":"https:\/\/sertec.pt\/es\/wp-json\/wp\/v2\/pages"}],"about":[{"href":"https:\/\/sertec.pt\/es\/wp-json\/wp\/v2\/types\/page"}],"author":[{"embeddable":true,"href":"https:\/\/sertec.pt\/es\/wp-json\/wp\/v2\/users\/4"}],"replies":[{"embeddable":true,"href":"https:\/\/sertec.pt\/es\/wp-json\/wp\/v2\/comments?post=3140"}],"version-history":[{"count":7,"href":"https:\/\/sertec.pt\/es\/wp-json\/wp\/v2\/pages\/3140\/revisions"}],"predecessor-version":[{"id":3449,"href":"https:\/\/sertec.pt\/es\/wp-json\/wp\/v2\/pages\/3140\/revisions\/3449"}],"wp:attachment":[{"href":"https:\/\/sertec.pt\/es\/wp-json\/wp\/v2\/media?parent=3140"}],"curies":[{"name":"wp","href":"https:\/\/api.w.org\/{rel}","templated":true}]}}