{"id":3136,"date":"2025-07-07T14:12:17","date_gmt":"2025-07-07T13:12:17","guid":{"rendered":"https:\/\/sertec.pt\/quienes-somos\/"},"modified":"2025-08-14T13:20:17","modified_gmt":"2025-08-14T12:20:17","slug":"quienes-somos","status":"publish","type":"page","link":"https:\/\/sertec.pt\/es\/quienes-somos\/","title":{"rendered":"Qui\u00e9nes somos"},"content":{"rendered":"\t\t<div data-elementor-type=\"wp-page\" data-elementor-id=\"3136\" class=\"elementor elementor-3136 elementor-110\" data-elementor-post-type=\"page\">\n\t\t\t\t<div class=\"elementor-element elementor-element-11a2e61 e-flex e-con-boxed e-con e-parent\" data-id=\"11a2e61\" data-element_type=\"container\" data-e-type=\"container\" data-settings=\"{&quot;background_background&quot;:&quot;classic&quot;}\">\n\t\t\t\t\t<div class=\"e-con-inner\">\n\t\t<div class=\"elementor-element elementor-element-72d35f9 e-con-full e-flex e-con e-child\" data-id=\"72d35f9\" data-element_type=\"container\" data-e-type=\"container\">\n\t\t\t\t<\/div>\n\t\t\t\t\t<\/div>\n\t\t\t\t<\/div>\n\t\t<div class=\"elementor-element elementor-element-00915e2 e-flex e-con-boxed e-con e-parent\" data-id=\"00915e2\" data-element_type=\"container\" data-e-type=\"container\">\n\t\t\t\t\t<div class=\"e-con-inner\">\n\t\t<div class=\"elementor-element elementor-element-1f3ea09 e-con-full e-flex e-con e-child\" data-id=\"1f3ea09\" data-element_type=\"container\" data-e-type=\"container\">\n\t\t\t\t<div class=\"elementor-element elementor-element-cc391e0 elementor-widget elementor-widget-heading\" data-id=\"cc391e0\" data-element_type=\"widget\" data-e-type=\"widget\" data-widget_type=\"heading.default\">\n\t\t\t\t<div class=\"elementor-widget-container\">\n\t\t\t\t\t<h1 class=\"elementor-heading-title elementor-size-default\">Qui\u00e9nes somos<\/h1>\t\t\t\t<\/div>\n\t\t\t\t<\/div>\n\t\t\t\t<div class=\"elementor-element elementor-element-8f4604c elementor-widget elementor-widget-text-editor\" data-id=\"8f4604c\" data-element_type=\"widget\" data-e-type=\"widget\" data-widget_type=\"text-editor.default\">\n\t\t\t\t<div class=\"elementor-widget-container\">\n\t\t\t\t\t\t\t\t\t<p>Sertec &#8211; Tecnologia Acess\u00edvel es una marca comercial de Electrosertec, Lda.<\/p>\n<p>Fundada: Octubre de 1990.<\/p>\n<p>Socios fundadores: Assis Milton, Alexandre Ov\u00eddio, y Aquilino Rodrigues<\/p>\n<p>Sertec naci\u00f3 del inter\u00e9s suscitado por la aparici\u00f3n de sintetizadores de voz para ordenadores personales. En aquella \u00e9poca, la s\u00edntesis de voz se realizaba mediante un dispositivo externo conectado al puerto serie (el Apollo) y el lector de pantalla HAL para MS-DOS.<\/p>\n<p>Desde los a\u00f1os 90, la tecnolog\u00eda ha experimentado una enorme evoluci\u00f3n, y Sertec ha seguido el ritmo de los tiempos. En la actualidad, ofrecemos soluciones para todas las necesidades de las personas ciegas o con baja visi\u00f3n, y hemos a\u00f1adido varios productos para otras dificultades, como la dislexia, los trastornos neuromotores, la audici\u00f3n y la movilidad reducida.<\/p>\n<p>Si est\u00e1 interesado en conocernos mejor o en establecer una colaboraci\u00f3n, p\u00f3ngase en contacto con <strong><a href=\"https:\/\/sertec.pt\/es\/contacto\/\">nosotros<\/a><\/strong>.<\/p>\n\t\t\t\t\t\t\t\t<\/div>\n\t\t\t\t<\/div>\n\t\t\t\t<\/div>\n\t\t\t\t\t<\/div>\n\t\t\t\t<\/div>\n\t\t\t\t<\/div>\n\t\t","protected":false},"excerpt":{"rendered":"<p>Qui\u00e9nes somos Sertec &#8211; Tecnologia Acess\u00edvel es una marca comercial de Electrosertec, Lda. Fundada: Octubre de 1990. Socios fundadores: Assis Milton, Alexandre Ov\u00eddio, y Aquilino Rodrigues Sertec naci\u00f3 del inter\u00e9s suscitado por la aparici\u00f3n de sintetizadores de voz para ordenadores personales. En aquella \u00e9poca, la s\u00edntesis de voz se realizaba mediante un dispositivo externo conectado [&hellip;]<\/p>\n","protected":false},"author":4,"featured_media":0,"parent":0,"menu_order":0,"comment_status":"closed","ping_status":"closed","template":"","meta":{"_seopress_robots_primary_cat":"","_seopress_titles_title":"","_seopress_titles_desc":"","_seopress_robots_index":"","site-sidebar-layout":"no-sidebar","site-content-layout":"page-builder","ast-site-content-layout":"full-width-container","site-content-style":"default","site-sidebar-style":"default","ast-global-header-display":"","ast-banner-title-visibility":"","ast-main-header-display":"","ast-hfb-above-header-display":"","ast-hfb-below-header-display":"","ast-hfb-mobile-header-display":"","site-post-title":"","ast-breadcrumbs-content":"","ast-featured-img":"disabled","footer-sml-layout":"","ast-disable-related-posts":"","theme-transparent-header-meta":"default","adv-header-id-meta":"","stick-header-meta":"default","header-above-stick-meta":"","header-main-stick-meta":"","header-below-stick-meta":"","astra-migrate-meta-layouts":"default","ast-page-background-enabled":"default","ast-page-background-meta":{"desktop":{"background-color":"var(--ast-global-color-4)","background-image":"","background-repeat":"repeat","background-position":"center center","background-size":"auto","background-attachment":"scroll","background-type":"","background-media":"","overlay-type":"","overlay-color":"","overlay-opacity":"","overlay-gradient":""},"tablet":{"background-color":"","background-image":"","background-repeat":"repeat","background-position":"center center","background-size":"auto","background-attachment":"scroll","background-type":"","background-media":"","overlay-type":"","overlay-color":"","overlay-opacity":"","overlay-gradient":""},"mobile":{"background-color":"","background-image":"","background-repeat":"repeat","background-position":"center center","background-size":"auto","background-attachment":"scroll","background-type":"","background-media":"","overlay-type":"","overlay-color":"","overlay-opacity":"","overlay-gradient":""}},"ast-content-background-meta":{"desktop":{"background-color":"var(--ast-global-color-5)","background-image":"","background-repeat":"repeat","background-position":"center center","background-size":"auto","background-attachment":"scroll","background-type":"","background-media":"","overlay-type":"","overlay-color":"","overlay-opacity":"","overlay-gradient":""},"tablet":{"background-color":"var(--ast-global-color-5)","background-image":"","background-repeat":"repeat","background-position":"center center","background-size":"auto","background-attachment":"scroll","background-type":"","background-media":"","overlay-type":"","overlay-color":"","overlay-opacity":"","overlay-gradient":""},"mobile":{"background-color":"var(--ast-global-color-5)","background-image":"","background-repeat":"repeat","background-position":"center center","background-size":"auto","background-attachment":"scroll","background-type":"","background-media":"","overlay-type":"","overlay-color":"","overlay-opacity":"","overlay-gradient":""}},"footnotes":""},"class_list":["post-3136","page","type-page","status-publish","hentry"],"_links":{"self":[{"href":"https:\/\/sertec.pt\/es\/wp-json\/wp\/v2\/pages\/3136","targetHints":{"allow":["GET"]}}],"collection":[{"href":"https:\/\/sertec.pt\/es\/wp-json\/wp\/v2\/pages"}],"about":[{"href":"https:\/\/sertec.pt\/es\/wp-json\/wp\/v2\/types\/page"}],"author":[{"embeddable":true,"href":"https:\/\/sertec.pt\/es\/wp-json\/wp\/v2\/users\/4"}],"replies":[{"embeddable":true,"href":"https:\/\/sertec.pt\/es\/wp-json\/wp\/v2\/comments?post=3136"}],"version-history":[{"count":12,"href":"https:\/\/sertec.pt\/es\/wp-json\/wp\/v2\/pages\/3136\/revisions"}],"predecessor-version":[{"id":3391,"href":"https:\/\/sertec.pt\/es\/wp-json\/wp\/v2\/pages\/3136\/revisions\/3391"}],"wp:attachment":[{"href":"https:\/\/sertec.pt\/es\/wp-json\/wp\/v2\/media?parent=3136"}],"curies":[{"name":"wp","href":"https:\/\/api.w.org\/{rel}","templated":true}]}}